{"id":18857,"date":"2023-12-19T11:27:47","date_gmt":"2023-12-19T10:27:47","guid":{"rendered":"https:\/\/dauphine-housing.com\/?page_id=18857"},"modified":"2023-12-19T17:56:12","modified_gmt":"2023-12-19T16:56:12","slug":"long-term-accommodations-lt","status":"publish","type":"page","link":"https:\/\/dauphine-housing.com\/fr\/long-term-accommodations-lt\/","title":{"rendered":"Logements longue dur\u00e9e (LT)"},"content":{"rendered":"<div class=\"wpb-content-wrapper\"><p>[vc_row][vc_column][vc_gallery type=\u00a0\u00bbimage_grid\u00a0\u00bb images=\u00a0\u00bb18234,18235,19245,19322&Prime; img_size=\u00a0\u00bb300&#215;200&Prime;][vc_column_text]L&rsquo;offre Logement Longue dur\u00e9e (LT) concerne les <strong>\u00e9tudiant.e.s inscrit.e.s \u00e0 l&rsquo;ann\u00e9e<\/strong> dans un programme de l&rsquo;universit\u00e9 Dauphine Paris-PSL hors programme d&rsquo;\u00e9change international.[\/vc_column_text][vc_column_text]<\/p>\n<ul>\n<li><a href=\"https:\/\/dauphine-housing.com\/fr\/?page_id=18863&amp;preview=true\"><span data-usefontface=\"false\" data-contrast=\"none\">Eligibilit\u00e9\u00a0 <\/span><\/a>\u200b<\/li>\n<li><a href=\"https:\/\/dauphine-housing.com\/fr\/?page_id=18869&amp;preview=true\"><span data-usefontface=\"false\" data-contrast=\"none\">Nos r\u00e9sidences<\/span><\/a><\/li>\n<li><a href=\"https:\/\/dauphine-housing.com\/fr\/?page_id=18873&amp;preview=true\">Notre offre de logements et services \u200b\u200b<\/a><\/li>\n<li><span data-usefontface=\"false\" data-contrast=\"none\"><a href=\"https:\/\/dauphine-housing.com\/?page_id=18880&amp;preview=true\">Tarifs : Loyers \/ FAL \/ APL\u00a0 \u00a0 \u00a0 \u00a0<\/a> \u00a0 \u00a0 \u00a0 \u00a0 \u00a0 \u00a0 \u00a0 \u00a0 \u00a0 \u00a0 \u00a0 \u00a0 \u00a0 \u00a0 \u00a0 \u00a0 \u00a0 \u00a0 \u00a0 \u00a0 \u00a0 \u00a0 \u00a0 \u00a0 \u00a0 \u00a0 \u00a0 <\/span>\u200b<\/li>\n<li><a href=\"https:\/\/dauphine-housing.com\/fr\/?page_id=18886&amp;preview=true\"><span data-usefontface=\"false\" data-contrast=\"none\">Boursiers Crous<\/span><\/a>\u200b<\/li>\n<li><a href=\"https:\/\/dauphine-housing.com\/fr\/?page_id=18889&amp;preview=true\"><span data-usefontface=\"false\" data-contrast=\"none\">Etudiants EDC<\/span><\/a>\u200b<\/li>\n<li><a href=\"https:\/\/dauphine-housing.com\/?page_id=18892&amp;preview=true\"><span data-usefontface=\"false\" data-contrast=\"none\">Engagement \u00e9tudiant<\/span><\/a>\u200b<\/li>\n<li><a href=\"https:\/\/dauphine-housing.com\/fr\/?page_id=18895&amp;preview=true\"><span data-usefontface=\"false\" data-contrast=\"none\">D\u00e9poser un dossier<\/span><\/a><\/li>\n<\/ul>\n<p>[\/vc_column_text][\/vc_column][\/vc_row]<\/p>\n<\/div>","protected":false},"excerpt":{"rendered":"<p>[vc_row][vc_column][vc_gallery type=\u00a0\u00bbimage_grid\u00a0\u00bb images=\u00a0\u00bb18234,18235,19245,19322&Prime; img_size=\u00a0\u00bb300&#215;200&Prime;][vc_column_text]L&rsquo;offre Logement Longue dur\u00e9e (LT) concerne les \u00e9tudiant.e.s inscrit.e.s \u00e0 l&rsquo;ann\u00e9e dans un programme de l&rsquo;universit\u00e9 Dauphine Paris-PSL hors programme d&rsquo;\u00e9change international.[\/vc_column_text][vc_column_text] Eligibilit\u00e9\u00a0 \u200b Nos r\u00e9sidences Notre offre de logements et services \u200b\u200b Tarifs : Loyers \/ FAL \/ APL\u00a0 \u00a0 \u00a0 \u00a0 \u00a0 \u00a0 \u00a0 \u00a0 \u00a0 \u00a0 \u00a0 \u00a0 \u00a0 [&hellip;]<\/p>\n","protected":false},"author":3,"featured_media":0,"parent":0,"menu_order":0,"comment_status":"closed","ping_status":"closed","template":"","meta":{"_acf_changed":false,"footnotes":""},"class_list":["post-18857","page","type-page","status-publish","hentry"],"translation":{"provider":"WPGlobus","version":"3.0.0","language":"fr","enabled_languages":["en","fr"],"languages":{"en":{"title":true,"content":true,"excerpt":false},"fr":{"title":true,"content":true,"excerpt":false}}},"acf":[],"_links":{"self":[{"href":"https:\/\/dauphine-housing.com\/fr\/wp-json\/wp\/v2\/pages\/18857","targetHints":{"allow":["GET"]}}],"collection":[{"href":"https:\/\/dauphine-housing.com\/fr\/wp-json\/wp\/v2\/pages"}],"about":[{"href":"https:\/\/dauphine-housing.com\/fr\/wp-json\/wp\/v2\/types\/page"}],"author":[{"embeddable":true,"href":"https:\/\/dauphine-housing.com\/fr\/wp-json\/wp\/v2\/users\/3"}],"replies":[{"embeddable":true,"href":"https:\/\/dauphine-housing.com\/fr\/wp-json\/wp\/v2\/comments?post=18857"}],"version-history":[{"count":40,"href":"https:\/\/dauphine-housing.com\/fr\/wp-json\/wp\/v2\/pages\/18857\/revisions"}],"predecessor-version":[{"id":19326,"href":"https:\/\/dauphine-housing.com\/fr\/wp-json\/wp\/v2\/pages\/18857\/revisions\/19326"}],"wp:attachment":[{"href":"https:\/\/dauphine-housing.com\/fr\/wp-json\/wp\/v2\/media?parent=18857"}],"curies":[{"name":"wp","href":"https:\/\/api.w.org\/{rel}","templated":true}]}}