{"id":18863,"date":"2023-12-19T11:27:47","date_gmt":"2023-12-19T10:27:47","guid":{"rendered":"https:\/\/dauphine-housing.com\/?page_id=18863"},"modified":"2024-06-26T14:45:18","modified_gmt":"2024-06-26T12:45:18","slug":"full-year-students-eligibility-and-allocation-criterias-lt","status":"publish","type":"page","link":"https:\/\/dauphine-housing.com\/fr\/full-year-students-eligibility-and-allocation-criterias-lt\/","title":{"rendered":"Eligibilit\u00e9 \/ Crit\u00e8res d&rsquo;attribution (LT)"},"content":{"rendered":"<h3><span style=\"color: #3366ff;\">Eligibilit\u00e9 <\/span><\/h3>\n<p>L&rsquo;acc\u00e8s \u00e0 l&rsquo;accompagnement \u00e0 la recherche d&rsquo;un logement s&rsquo;adresse \u00e0 <strong>tout \u00e9tudiant inscrit r\u00e9guli\u00e8rement \u00e0 Dauphine.<\/strong> Sont consid\u00e9r\u00e9s comme r\u00e9guli\u00e8rement inscrit les \u00e9tudiants inscrits <strong>dans un programme de l&rsquo;universit\u00e9<\/strong> Dauphine Paris-PSL <strong>ne faisant pas partie d&rsquo;un programme d&rsquo;\u00e9change international.<\/strong><\/p>\n<p data-ccp-props=\"{&quot;335551550&quot;:1,&quot;335551620&quot;:1,&quot;335559683&quot;:0,&quot;335559685&quot;:0,&quot;335559731&quot;:0,&quot;335559737&quot;:0,&quot;335562764&quot;:2,&quot;335562765&quot;:0.9,&quot;335562766&quot;:4,&quot;335562767&quot;:10,&quot;335562768&quot;:4,&quot;335562769&quot;:0}\">Les profils suivants ne sont pas g\u00e9r\u00e9s prioritairement par le service mais seront \u00e9tudi\u00e9s et trait\u00e9s en fonction des disponibilit\u00e9s lors de la demande \u202f: \u200b<\/p>\n<ul style=\"font-weight: 400;\">\n<li data-charcodes=\"8226\" data-font=\"Arial,Sans-Serif\" data-buautonum=\"8\" data-aria-posinset=\"1\" data-aria-level=\"1\"><span data-scheme-color=\"@000000,,\" data-usefontface=\"true\" data-contrast=\"none\">Etudiants PSL dont l\u2019<\/span><b><span data-usefontface=\"true\" data-contrast=\"none\">inscription acad\u00e9mique ne d\u00e9pend pas de Paris-Dauphine<\/span><\/b><span data-usefontface=\"true\" data-contrast=\"none\">\u00a0<\/span><span data-scheme-color=\"@000000,,\" data-usefontface=\"true\" data-contrast=\"none\">(contact : logement.housing@psl.eu)<\/span>\u200b<\/li>\n<li data-charcodes=\"8226\" data-font=\"Arial,Sans-Serif\" data-buautonum=\"8\" data-aria-posinset=\"2\" data-aria-level=\"1\"><span data-scheme-color=\"@000000,,\" data-usefontface=\"true\" data-contrast=\"none\">Etudiant dauphinois <\/span><b><span data-usefontface=\"true\" data-contrast=\"none\">\u00e2g\u00e9 de 30 ans et +<\/span><\/b>\u200b<\/li>\n<li data-charcodes=\"8226\" data-font=\"Arial,Sans-Serif\" data-buautonum=\"8\" data-aria-posinset=\"3\" data-aria-level=\"1\"><span data-scheme-color=\"@333333,,\" data-usefontface=\"true\" data-contrast=\"none\">Etudiant<\/span><span data-scheme-color=\"@FF0000,,\" data-usefontface=\"true\" data-contrast=\"none\"> dauphinois <\/span><b><span data-usefontface=\"true\" data-contrast=\"none\">doctorant ou alternant<\/span><\/b>\u200b<\/li>\n<li data-charcodes=\"8226\" data-font=\"Arial,Sans-Serif\" data-buautonum=\"8\" data-aria-posinset=\"4\" data-aria-level=\"1\"><span data-scheme-color=\"@000000,,\" data-usefontface=\"true\" data-contrast=\"none\">Etudiant dauphinois <\/span><b><span data-usefontface=\"true\" data-contrast=\"none\">inscrit en Master 227 ou autre programme de formation continue<\/span><\/b>\u200b<\/li>\n<li data-charcodes=\"8226\" data-font=\"Arial,Sans-Serif\" data-buautonum=\"8\" data-aria-posinset=\"5\" data-aria-level=\"1\"><span data-scheme-color=\"@000000,,\" data-usefontface=\"true\" data-contrast=\"none\">Etudiant dauphinois en recherche de logement pour un <\/span><b><span data-usefontface=\"true\" data-contrast=\"none\">court s\u00e9jour (moins de 6 mois)<\/span><\/b><\/li>\n<li>Etudiant\u00a0<strong>non dauphinois<\/strong>,\u00a0<strong>stagiaire<\/strong>\u00a0: accueillis\u00a0<strong>exclusivement \u00e0 la r\u00e9sidence St Ouen (rue Dain) \u2013 tarif unique 810\u20ac.<\/strong><\/li>\n<\/ul>\n<h3><span style=\"color: #3366ff;\">Crit\u00e8res d&rsquo;attribution\u00a0<\/span><\/h3>\n<p data-ccp-props=\"{&quot;335551550&quot;:1,&quot;335551620&quot;:1,&quot;335559683&quot;:0,&quot;335559685&quot;:0,&quot;335559731&quot;:0,&quot;335559737&quot;:0,&quot;335562764&quot;:2,&quot;335562765&quot;:0.9,&quot;335562766&quot;:4,&quot;335562767&quot;:10,&quot;335562768&quot;:4,&quot;335562769&quot;:0}\"><span data-scheme-color=\"@000000,,\" data-usefontface=\"true\" data-contrast=\"none\">Le d\u00e9p\u00f4t d\u2019une demande de logement <strong>n\u2019entraine pas une attribution automatique et imm\u00e9diate.<\/strong> Une proposition de logement est\u00a0<\/span><span data-scheme-color=\"@000000,,\" data-usefontface=\"true\" data-contrast=\"none\"><strong>conditionn\u00e9e au profil social de l\u2019\u00e9tudiant,<\/strong> \u00e0 son <\/span><span data-scheme-color=\"@000000,,\" data-usefontface=\"true\" data-contrast=\"none\">niveau acad\u00e9mique, <\/span><span data-scheme-color=\"@000000,,\" data-usefontface=\"true\" data-contrast=\"none\">\u00e0 l\u2019\u00e9loignement g\u00e9ographique\u00a0<\/span><span data-scheme-color=\"@000000,,\" data-usefontface=\"true\" data-contrast=\"none\">du campus par rapport \u00e0\u00a0<\/span><span data-scheme-color=\"@000000,,\" data-usefontface=\"true\" data-contrast=\"none\">la r\u00e9sidence\u00a0<\/span><span data-scheme-color=\"@000000,,\" data-usefontface=\"true\" data-contrast=\"none\">principale, <strong>\u00e0 la vacance des logements au moment de la demande<\/strong> et \u00e0 la date d\u2019entr\u00e9e souhait\u00e9e.\u00a0<\/span>\u200b<\/p>\n<p data-ccp-props=\"{&quot;335551550&quot;:1,&quot;335551620&quot;:1,&quot;335559683&quot;:0,&quot;335559685&quot;:0,&quot;335559731&quot;:0,&quot;335559737&quot;:0,&quot;335562764&quot;:2,&quot;335562765&quot;:0.9,&quot;335562766&quot;:4,&quot;335562767&quot;:10,&quot;335562768&quot;:4,&quot;335562769&quot;:0}\"><b><span data-scheme-color=\"@FF0000,,\" data-usefontface=\"true\" data-contrast=\"none\">Les frais d\u2019aide au logement ne sont pas remboursables quelle qu\u2019en soit la raison.<\/span><\/b><\/p>\n","protected":false},"excerpt":{"rendered":"<p>Eligibilit\u00e9 L&rsquo;acc\u00e8s \u00e0 l&rsquo;accompagnement \u00e0 la recherche d&rsquo;un logement s&rsquo;adresse \u00e0 tout \u00e9tudiant inscrit r\u00e9guli\u00e8rement \u00e0 Dauphine. Sont consid\u00e9r\u00e9s comme r\u00e9guli\u00e8rement inscrit les \u00e9tudiants inscrits dans un programme de l&rsquo;universit\u00e9 Dauphine Paris-PSL ne faisant pas partie d&rsquo;un programme d&rsquo;\u00e9change international. Les profils suivants ne sont pas g\u00e9r\u00e9s prioritairement par le service mais seront \u00e9tudi\u00e9s et [&hellip;]<\/p>\n","protected":false},"author":3,"featured_media":0,"parent":0,"menu_order":0,"comment_status":"closed","ping_status":"closed","template":"","meta":{"_acf_changed":false,"footnotes":""},"class_list":["post-18863","page","type-page","status-publish","hentry"],"translation":{"provider":"WPGlobus","version":"3.0.0","language":"fr","enabled_languages":["en","fr"],"languages":{"en":{"title":true,"content":true,"excerpt":false},"fr":{"title":true,"content":true,"excerpt":false}}},"acf":[],"_links":{"self":[{"href":"https:\/\/dauphine-housing.com\/fr\/wp-json\/wp\/v2\/pages\/18863","targetHints":{"allow":["GET"]}}],"collection":[{"href":"https:\/\/dauphine-housing.com\/fr\/wp-json\/wp\/v2\/pages"}],"about":[{"href":"https:\/\/dauphine-housing.com\/fr\/wp-json\/wp\/v2\/types\/page"}],"author":[{"embeddable":true,"href":"https:\/\/dauphine-housing.com\/fr\/wp-json\/wp\/v2\/users\/3"}],"replies":[{"embeddable":true,"href":"https:\/\/dauphine-housing.com\/fr\/wp-json\/wp\/v2\/comments?post=18863"}],"version-history":[{"count":15,"href":"https:\/\/dauphine-housing.com\/fr\/wp-json\/wp\/v2\/pages\/18863\/revisions"}],"predecessor-version":[{"id":19543,"href":"https:\/\/dauphine-housing.com\/fr\/wp-json\/wp\/v2\/pages\/18863\/revisions\/19543"}],"wp:attachment":[{"href":"https:\/\/dauphine-housing.com\/fr\/wp-json\/wp\/v2\/media?parent=18863"}],"curies":[{"name":"wp","href":"https:\/\/api.w.org\/{rel}","templated":true}]}}