{"id":18873,"date":"2023-12-19T11:27:47","date_gmt":"2023-12-19T10:27:47","guid":{"rendered":"https:\/\/dauphine-housing.com\/?page_id=18873"},"modified":"2023-12-20T14:51:04","modified_gmt":"2023-12-20T13:51:04","slug":"notre-offre-de-logements-et-services-lt","status":"publish","type":"page","link":"https:\/\/dauphine-housing.com\/fr\/notre-offre-de-logements-et-services-lt\/","title":{"rendered":"Notre offre de logements et services (LT)"},"content":{"rendered":"<div class=\"wpb-content-wrapper\"><p>[vc_row][vc_column][vc_single_image image=\u00a0\u00bb19131&Prime; img_size=\u00a0\u00bb300&#215;200&Prime; alignment=\u00a0\u00bbcenter\u00a0\u00bb][vc_column_text]<\/p>\n<h3><span style=\"color: #3366ff;\"><strong>Logements<\/strong><\/span><\/h3>\n<p>La majorit\u00e9 des logements propos\u00e9s <strong>sont des studios individuels<\/strong> <strong>entre 18 et 23 m2 avec coin nuit, salle de bain et kitchenette.<\/strong><br \/>\nNous offrons \u00e9galement <strong>quelques chambres individuelles<\/strong> <strong>en co-location<\/strong>, avec salle de bain privative (ou partag\u00e9e \u00e0 2), <strong>autour d&rsquo;une cuisine et d\u2019un s\u00e9jour communs<\/strong> principalement \u00e0 St Ouen 1 (rue Dain).\u200b<\/p>\n<h3><span style=\"color: #3366ff;\"><strong>Equipement<\/strong><\/span><\/h3>\n<p>Les studios sont \u00e9quip\u00e9s d\u2019un <strong>lit<\/strong> avec matelas,<strong> d&rsquo;une armoire<\/strong> de rangement, <strong>bureau et chaise<\/strong>. Le coin cuisine comprend des <strong>plaques chauffantes et un frigo.<\/strong> Aucun autre \u00e9quipement n\u2019est pr\u00e9vu, sauf \u00e0 St Ouen 1 (rue Dain) o\u00f9 four, micro-ondes et kit vaisselle sont fournis.\u200b<\/p>\n<p><strong>Le linge de lit (couette, oreiller, draps) n\u2019est pas fourni.\u200b<\/strong><\/p>\n<h3><strong><span style=\"color: #3366ff;\">Services<\/span><\/strong><\/h3>\n<p>L\u2019entretien du logement est \u00e0 la charge de l\u2019\u00e9tudiant et les r\u00e9sidences ne proposent pas de service de restauration.<\/p>\n<h3><strong><span style=\"color: #3366ff;\">Une gamme de services plus \u00e9largie \u00e0 St Ouen 1 (rue Dain).<\/span><\/strong><\/h3>\n<p>Les logements de la r\u00e9sidence St Ouen 1 sont <strong>\u00e9quip\u00e9s<\/strong> d&rsquo;un four \u00e0 micro ondes et un kit vaisselle est fourni. <strong>Le m\u00e9nage<\/strong> en chambre est pr\u00e9vu r\u00e9guli\u00e8rement et un <strong>service de petit d\u00e9jeuner<\/strong> est propos\u00e9 aux r\u00e9sidents.<\/p>\n<p><strong>Tous les logements b\u00e9n\u00e9ficient d\u2019un acc\u00e8s Wifi.<\/strong>[\/vc_column_text][\/vc_column][\/vc_row]<\/p>\n<\/div>","protected":false},"excerpt":{"rendered":"<p>[vc_row][vc_column][vc_single_image image=\u00a0\u00bb19131&Prime; img_size=\u00a0\u00bb300&#215;200&Prime; alignment=\u00a0\u00bbcenter\u00a0\u00bb][vc_column_text] Logements La majorit\u00e9 des logements propos\u00e9s sont des studios individuels entre 18 et 23 m2 avec coin nuit, salle de bain et kitchenette. Nous offrons \u00e9galement quelques chambres individuelles en co-location, avec salle de bain privative (ou partag\u00e9e \u00e0 2), autour d&rsquo;une cuisine et d\u2019un s\u00e9jour communs principalement \u00e0 St Ouen [&hellip;]<\/p>\n","protected":false},"author":3,"featured_media":0,"parent":0,"menu_order":0,"comment_status":"closed","ping_status":"closed","template":"","meta":{"_acf_changed":false,"footnotes":""},"class_list":["post-18873","page","type-page","status-publish","hentry"],"translation":{"provider":"WPGlobus","version":"3.0.0","language":"fr","enabled_languages":["en","fr"],"languages":{"en":{"title":true,"content":true,"excerpt":false},"fr":{"title":true,"content":true,"excerpt":false}}},"acf":[],"_links":{"self":[{"href":"https:\/\/dauphine-housing.com\/fr\/wp-json\/wp\/v2\/pages\/18873","targetHints":{"allow":["GET"]}}],"collection":[{"href":"https:\/\/dauphine-housing.com\/fr\/wp-json\/wp\/v2\/pages"}],"about":[{"href":"https:\/\/dauphine-housing.com\/fr\/wp-json\/wp\/v2\/types\/page"}],"author":[{"embeddable":true,"href":"https:\/\/dauphine-housing.com\/fr\/wp-json\/wp\/v2\/users\/3"}],"replies":[{"embeddable":true,"href":"https:\/\/dauphine-housing.com\/fr\/wp-json\/wp\/v2\/comments?post=18873"}],"version-history":[{"count":18,"href":"https:\/\/dauphine-housing.com\/fr\/wp-json\/wp\/v2\/pages\/18873\/revisions"}],"predecessor-version":[{"id":19336,"href":"https:\/\/dauphine-housing.com\/fr\/wp-json\/wp\/v2\/pages\/18873\/revisions\/19336"}],"wp:attachment":[{"href":"https:\/\/dauphine-housing.com\/fr\/wp-json\/wp\/v2\/media?parent=18873"}],"curies":[{"name":"wp","href":"https:\/\/api.w.org\/{rel}","templated":true}]}}