{"id":18880,"date":"2023-12-19T11:27:47","date_gmt":"2023-12-19T10:27:47","guid":{"rendered":"https:\/\/dauphine-housing.com\/?page_id=18880"},"modified":"2024-06-26T12:02:22","modified_gmt":"2024-06-26T10:02:22","slug":"prices-rent-apl-housing-fee-lt","status":"publish","type":"page","link":"https:\/\/dauphine-housing.com\/fr\/prices-rent-apl-housing-fee-lt\/","title":{"rendered":"Tarifs : loyers \/ APL \/ FAL (LT)"},"content":{"rendered":"<h3><strong><span style=\"color: #3366ff;\">Loyers<\/span> <\/strong>\u200b<\/h3>\n<ul>\n<li>Dans les <strong>r\u00e9sidences 100% Dauphine<\/strong>, les loyers sont compris\u00a0 entre 600 et 800\u20ac par mois charges comprises.<\/li>\n<li>Seuls les <strong>\u00e9tudiants boursiers<\/strong> peuvent b\u00e9n\u00e9ficier d\u2019un <strong>logement au Crous<\/strong> dont le loyer est compris entre 500 et 620\u20ac.<\/li>\n<\/ul>\n<h3><span style=\"color: #3366ff;\"><strong>D\u00e9p\u00f4t de garantie <\/strong><\/span><\/h3>\n<p>Un d\u00e9p\u00f4t de garantie repr\u00e9sentant 1 ou 2 mois du loyer est demand\u00e9 lors de la signature\u00a0 du bail. Ce montant est r\u00e9cup\u00e9rable en fin de s\u00e9jour, sous r\u00e9serve qu\u2019il n\u2019y ait pas eu de d\u00e9gradations dans le logement.<\/p>\n<h3><span style=\"color: #3366ff;\">\u00a0<strong>1<sup>er<\/sup> mois de loyer<\/strong><\/span><\/h3>\n<p>Lors de la signature de votre bail, il est demand\u00e9 de verser \u00e0 l\u2019avance le 1<sup>er<\/sup> mois\u00a0 de loyer.<\/p>\n<h3 data-ccp-props=\"{&quot;335551550&quot;:1,&quot;335551620&quot;:1,&quot;335559683&quot;:0,&quot;335559685&quot;:0,&quot;335559731&quot;:0,&quot;335559737&quot;:0,&quot;335562764&quot;:2,&quot;335562765&quot;:0.9,&quot;335562766&quot;:4,&quot;335562767&quot;:10,&quot;335562768&quot;:4,&quot;335562769&quot;:0}\"><span style=\"color: #3366ff;\"><b>APL\u00a0 <\/b><\/span><\/h3>\n<p data-ccp-props=\"{&quot;335551550&quot;:1,&quot;335551620&quot;:1,&quot;335559683&quot;:0,&quot;335559685&quot;:0,&quot;335559731&quot;:0,&quot;335559737&quot;:0,&quot;335562764&quot;:2,&quot;335562765&quot;:0.9,&quot;335562766&quot;:4,&quot;335562767&quot;:10,&quot;335562768&quot;:4,&quot;335562769&quot;:0}\"><span data-usefontface=\"false\" data-contrast=\"none\">Tous les logements sont \u00e9ligibles aux APL.\u00a0<\/span>\u200b<\/p>\n<p data-ccp-props=\"{&quot;335551550&quot;:1,&quot;335551620&quot;:1,&quot;335559683&quot;:0,&quot;335559685&quot;:0,&quot;335559731&quot;:0,&quot;335559737&quot;:0,&quot;335562764&quot;:2,&quot;335562765&quot;:0.9,&quot;335562766&quot;:4,&quot;335562767&quot;:10,&quot;335562768&quot;:4,&quot;335562769&quot;:0}\"><span data-usefontface=\"false\" data-contrast=\"none\">Le montant des APL varie en fonction du profil social de l\u2019\u00e9tudiant et\u00a0<\/span><span data-usefontface=\"false\" data-contrast=\"none\">du montant du loyer.\u00a0<\/span><span data-usefontface=\"false\" data-contrast=\"none\">La remise\u00a0<\/span><span data-usefontface=\"false\" data-contrast=\"none\">peut aller jusqu\u2019\u00e0 2<\/span><span data-usefontface=\"false\" data-contrast=\"none\">5<\/span><span data-usefontface=\"false\" data-contrast=\"none\">0\u20ac par mois. Simulation possible sur le site de la CAF. <a href=\"https:\/\/wwwd.caf.fr\/wps\/portal\/caffr\/aidesetdemarches\/mesdemarches\/faireunesimulation\/lelogement#\/preparation\">Cliquez ICI.<\/a><\/span>\u200b\u200b<\/p>\n<h3 data-ccp-props=\"{&quot;335551550&quot;:1,&quot;335551620&quot;:1,&quot;335559683&quot;:0,&quot;335559685&quot;:0,&quot;335559731&quot;:0,&quot;335559737&quot;:0,&quot;335562764&quot;:2,&quot;335562765&quot;:0.9,&quot;335562766&quot;:4,&quot;335562767&quot;:10,&quot;335562768&quot;:4,&quot;335562769&quot;:0}\"><span style=\"color: #3366ff;\"><b>Frais d\u2019<\/b><b>Aide<\/b><b> au<\/b><b>\u00a0Logement (FAL)\u00a0<\/b><\/span><\/h3>\n<p data-ccp-props=\"{&quot;335551550&quot;:1,&quot;335551620&quot;:1,&quot;335559683&quot;:0,&quot;335559685&quot;:0,&quot;335559731&quot;:0,&quot;335559737&quot;:0,&quot;335562764&quot;:2,&quot;335562765&quot;:0.9,&quot;335562766&quot;:4,&quot;335562767&quot;:10,&quot;335562768&quot;:4,&quot;335562769&quot;:0}\">L<span data-usefontface=\"false\" data-contrast=\"none\">\u2019acc\u00e8s au service logement est conditionn\u00e9 au paiement\u00a0<\/span><span data-usefontface=\"false\" data-contrast=\"none\">d\u2019un montant de 49\u20ac payable \u00e0 la fin du d\u00e9p\u00f4t de la demande.<\/span>\u200b<\/p>\n<p data-ccp-props=\"{&quot;335551550&quot;:1,&quot;335551620&quot;:1,&quot;335559683&quot;:0,&quot;335559685&quot;:0,&quot;335559731&quot;:0,&quot;335559737&quot;:0,&quot;335562764&quot;:2,&quot;335562765&quot;:0.9,&quot;335562766&quot;:4,&quot;335562767&quot;:10,&quot;335562768&quot;:4,&quot;335562769&quot;:0}\"><b><span data-usefontface=\"false\" data-contrast=\"none\">Pas de remboursement possible quelle qu\u2019en soit la raison.<\/span><\/b>\u200b<\/p>\n<p data-ccp-props=\"{&quot;335551550&quot;:1,&quot;335551620&quot;:1,&quot;335559683&quot;:0,&quot;335559685&quot;:0,&quot;335559731&quot;:0,&quot;335559737&quot;:0,&quot;335562764&quot;:2,&quot;335562765&quot;:0.9,&quot;335562766&quot;:4,&quot;335562767&quot;:10,&quot;335562768&quot;:4,&quot;335562769&quot;:0}\"><span data-usefontface=\"false\" data-contrast=\"none\">Les \u00e9tudiants boursiers Crous sont rembours\u00e9s des frais <\/span><span data-usefontface=\"false\" data-contrast=\"none\">d\u2019acc\u00e8s au service\u00a0<\/span><span data-usefontface=\"false\" data-contrast=\"none\">sous certaines conditions.<\/span><\/p>\n","protected":false},"excerpt":{"rendered":"<p>Loyers \u200b Dans les r\u00e9sidences 100% Dauphine, les loyers sont compris\u00a0 entre 600 et 800\u20ac par mois charges comprises. Seuls les \u00e9tudiants boursiers peuvent b\u00e9n\u00e9ficier d\u2019un logement au Crous dont le loyer est compris entre 500 et 620\u20ac. D\u00e9p\u00f4t de garantie Un d\u00e9p\u00f4t de garantie repr\u00e9sentant 1 ou 2 mois du loyer est demand\u00e9 lors [&hellip;]<\/p>\n","protected":false},"author":3,"featured_media":0,"parent":0,"menu_order":0,"comment_status":"closed","ping_status":"closed","template":"","meta":{"_acf_changed":false,"footnotes":""},"class_list":["post-18880","page","type-page","status-publish","hentry"],"translation":{"provider":"WPGlobus","version":"3.0.0","language":"fr","enabled_languages":["en","fr"],"languages":{"en":{"title":true,"content":true,"excerpt":false},"fr":{"title":true,"content":true,"excerpt":false}}},"acf":[],"_links":{"self":[{"href":"https:\/\/dauphine-housing.com\/fr\/wp-json\/wp\/v2\/pages\/18880","targetHints":{"allow":["GET"]}}],"collection":[{"href":"https:\/\/dauphine-housing.com\/fr\/wp-json\/wp\/v2\/pages"}],"about":[{"href":"https:\/\/dauphine-housing.com\/fr\/wp-json\/wp\/v2\/types\/page"}],"author":[{"embeddable":true,"href":"https:\/\/dauphine-housing.com\/fr\/wp-json\/wp\/v2\/users\/3"}],"replies":[{"embeddable":true,"href":"https:\/\/dauphine-housing.com\/fr\/wp-json\/wp\/v2\/comments?post=18880"}],"version-history":[{"count":15,"href":"https:\/\/dauphine-housing.com\/fr\/wp-json\/wp\/v2\/pages\/18880\/revisions"}],"predecessor-version":[{"id":19542,"href":"https:\/\/dauphine-housing.com\/fr\/wp-json\/wp\/v2\/pages\/18880\/revisions\/19542"}],"wp:attachment":[{"href":"https:\/\/dauphine-housing.com\/fr\/wp-json\/wp\/v2\/media?parent=18880"}],"curies":[{"name":"wp","href":"https:\/\/api.w.org\/{rel}","templated":true}]}}