{"id":18886,"date":"2023-12-19T11:27:47","date_gmt":"2023-12-19T10:27:47","guid":{"rendered":"https:\/\/dauphine-housing.com\/?page_id=18886"},"modified":"2023-12-19T11:27:47","modified_gmt":"2023-12-19T10:27:47","slug":"crous-scholarship-holders-lt","status":"publish","type":"page","link":"https:\/\/dauphine-housing.com\/fr\/crous-scholarship-holders-lt\/","title":{"rendered":"Boursiers Crous (LT)"},"content":{"rendered":"<div class=\"wpb-content-wrapper\"><p>[vc_row][vc_column][vc_single_image image=\u00a0\u00bb19128&Prime; alignment=\u00a0\u00bbcenter\u00a0\u00bb][vc_column_text]<\/p>\n<p data-ccp-props=\"{&quot;335551550&quot;:1,&quot;335551620&quot;:1,&quot;335559683&quot;:0,&quot;335559685&quot;:0,&quot;335559731&quot;:0,&quot;335559737&quot;:0,&quot;335562764&quot;:2,&quot;335562765&quot;:0.9,&quot;335562766&quot;:4,&quot;335562767&quot;:10,&quot;335562768&quot;:4,&quot;335562769&quot;:0}\"><span data-usefontface=\"false\" data-contrast=\"none\">Les boursiers Crous sont invit\u00e9s \u00e0 d\u00e9poser <strong>une demande de Dossier Social Etudiant (DES)<\/strong> d\u00e8s le <\/span><span data-usefontface=\"false\" data-contrast=\"none\">mois de mars : <a href=\"https:\/\/www.messervices.etudiant.gouv.fr\/envole\/doc\/ProcedureDSE.pdf\">Cliquez ICI.<\/a><\/span>\u200b<\/p>\n<p data-ccp-props=\"{&quot;335551550&quot;:1,&quot;335551620&quot;:1,&quot;335559683&quot;:0,&quot;335559685&quot;:0,&quot;335559731&quot;:0,&quot;335559737&quot;:0,&quot;335562764&quot;:2,&quot;335562765&quot;:0.9,&quot;335562766&quot;:4,&quot;335562767&quot;:10,&quot;335562768&quot;:4,&quot;335562769&quot;:0}\"><span data-usefontface=\"false\" data-contrast=\"none\">En fonction du niveau d\u2019attribution de la bourse, le Crous peut leur\u00a0<\/span><span data-usefontface=\"false\" data-contrast=\"none\">proposer directement une affectation \u00e0 un tarif tr\u00e8s int\u00e9ressant. A\u00a0<\/span><span data-usefontface=\"false\" data-contrast=\"none\">noter que ces <strong>attributions sont tr\u00e8s limit\u00e9es<\/strong> et que seuls les boursiers\u00a0<\/span><span data-usefontface=\"false\" data-contrast=\"none\">\u00e9chelon 6 ou 7 peuvent pr\u00e9tendre b\u00e9n\u00e9ficier de cette option.\u00a0<\/span>\u200b<\/p>\n<p data-ccp-props=\"{&quot;335551550&quot;:1,&quot;335551620&quot;:1,&quot;335559683&quot;:0,&quot;335559685&quot;:0,&quot;335559731&quot;:0,&quot;335559737&quot;:0,&quot;335562764&quot;:2,&quot;335562765&quot;:0.9,&quot;335562766&quot;:4,&quot;335562767&quot;:10,&quot;335562768&quot;:4,&quot;335562769&quot;:0}\"><span data-usefontface=\"false\" data-contrast=\"none\">Le service Logement dispose d\u2019un quota de places Crous sur les acad\u00e9mies de Paris et <\/span><span data-usefontface=\"false\" data-contrast=\"none\">de Versailles, mais dont les loyers sont l\u00e9g\u00e8rement plus\u00a0<\/span><span data-usefontface=\"false\" data-contrast=\"none\">\u00e9lev\u00e9s que ceux directement affect\u00e9s par le Crous.\u00a0<\/span><\/p>\n<p>[\/vc_column_text][\/vc_column][\/vc_row]<\/p>\n<\/div>","protected":false},"excerpt":{"rendered":"<p>[vc_row][vc_column][vc_single_image image=\u00a0\u00bb19128&Prime; alignment=\u00a0\u00bbcenter\u00a0\u00bb][vc_column_text] Les boursiers Crous sont invit\u00e9s \u00e0 d\u00e9poser une demande de Dossier Social Etudiant (DES) d\u00e8s le mois de mars : Cliquez ICI.\u200b En fonction du niveau d\u2019attribution de la bourse, le Crous peut leur\u00a0proposer directement une affectation \u00e0 un tarif tr\u00e8s int\u00e9ressant. A\u00a0noter que ces attributions sont tr\u00e8s limit\u00e9es et que seuls [&hellip;]<\/p>\n","protected":false},"author":3,"featured_media":0,"parent":0,"menu_order":0,"comment_status":"closed","ping_status":"closed","template":"","meta":{"_acf_changed":false,"footnotes":""},"class_list":["post-18886","page","type-page","status-publish","hentry"],"translation":{"provider":"WPGlobus","version":"3.0.0","language":"fr","enabled_languages":["en","fr"],"languages":{"en":{"title":true,"content":true,"excerpt":false},"fr":{"title":true,"content":true,"excerpt":false}}},"acf":[],"_links":{"self":[{"href":"https:\/\/dauphine-housing.com\/fr\/wp-json\/wp\/v2\/pages\/18886","targetHints":{"allow":["GET"]}}],"collection":[{"href":"https:\/\/dauphine-housing.com\/fr\/wp-json\/wp\/v2\/pages"}],"about":[{"href":"https:\/\/dauphine-housing.com\/fr\/wp-json\/wp\/v2\/types\/page"}],"author":[{"embeddable":true,"href":"https:\/\/dauphine-housing.com\/fr\/wp-json\/wp\/v2\/users\/3"}],"replies":[{"embeddable":true,"href":"https:\/\/dauphine-housing.com\/fr\/wp-json\/wp\/v2\/comments?post=18886"}],"version-history":[{"count":6,"href":"https:\/\/dauphine-housing.com\/fr\/wp-json\/wp\/v2\/pages\/18886\/revisions"}],"predecessor-version":[{"id":19130,"href":"https:\/\/dauphine-housing.com\/fr\/wp-json\/wp\/v2\/pages\/18886\/revisions\/19130"}],"wp:attachment":[{"href":"https:\/\/dauphine-housing.com\/fr\/wp-json\/wp\/v2\/media?parent=18886"}],"curies":[{"name":"wp","href":"https:\/\/api.w.org\/{rel}","templated":true}]}}