{"id":18889,"date":"2023-12-19T11:27:47","date_gmt":"2023-12-19T10:27:47","guid":{"rendered":"https:\/\/dauphine-housing.com\/?page_id=18889"},"modified":"2023-12-20T16:00:36","modified_gmt":"2023-12-20T15:00:36","slug":"equal-opportunity-program-edc-students","status":"publish","type":"page","link":"https:\/\/dauphine-housing.com\/fr\/equal-opportunity-program-edc-students\/","title":{"rendered":"Etudiants Programme Egalit\u00e9 des Chances (EDC)"},"content":{"rendered":"<div class=\"wpb-content-wrapper\"><p>[vc_row][vc_column][vc_single_image image=\u00a0\u00bb19340&Prime; img_size=\u00a0\u00bb300&#215;200&Prime; alignment=\u00a0\u00bbcenter\u00a0\u00bb][vc_column_text]<\/p>\n<p data-ccp-props=\"{&quot;335551550&quot;:1,&quot;335551620&quot;:1,&quot;335559683&quot;:0,&quot;335559685&quot;:0,&quot;335559731&quot;:0,&quot;335559737&quot;:0,&quot;335562764&quot;:2,&quot;335562765&quot;:0.9,&quot;335562766&quot;:4,&quot;335562767&quot;:10,&quot;335562768&quot;:4,&quot;335562769&quot;:0}\"><span data-usefontface=\"false\" data-contrast=\"none\">L\u2019universit\u00e9 Paris Dauphine-PSL est engag\u00e9e depuis de nombreuses\u00a0<\/span><span data-usefontface=\"false\" data-contrast=\"none\">ann\u00e9es dans le <strong>programme Egalit\u00e9 des Chances (EDC)<\/strong> qui accompagne\u00a0<\/span><span data-usefontface=\"false\" data-contrast=\"none\">chaque ann\u00e9e au sein d\u2019\u00e9tablissements de l\u2019enseignement secondaire\u00a0<\/span><span data-usefontface=\"false\" data-contrast=\"none\">partenaires, la future admission \u00e0 Dauphine d\u2019un certain nombre\u00a0<\/span><span data-usefontface=\"false\" data-contrast=\"none\">d\u2019\u00e9tudiants.<\/span>\u200b<\/p>\n<p data-ccp-props=\"{&quot;335551550&quot;:1,&quot;335551620&quot;:1,&quot;335559683&quot;:0,&quot;335559685&quot;:0,&quot;335559731&quot;:0,&quot;335559737&quot;:0,&quot;335562764&quot;:2,&quot;335562765&quot;:0.9,&quot;335562766&quot;:4,&quot;335562767&quot;:10,&quot;335562768&quot;:4,&quot;335562769&quot;:0}\"><span data-usefontface=\"false\" data-contrast=\"none\"><strong>La Fondation Dauphine<\/strong> partenaire de ce programme <strong>finance <\/strong><\/span><strong>une\u00a0<\/strong><span data-usefontface=\"false\" data-contrast=\"none\"><strong>partie des frais de logement<\/strong> de ces \u00e9tudiants en fonction d\u2019un certain <\/span><span data-usefontface=\"false\" data-contrast=\"none\">nombre de crit\u00e8res. Chaque ann\u00e9e ce sont <strong>environ 15 \u00e9tudiants<\/strong> qui\u00a0<\/span><span data-usefontface=\"false\" data-contrast=\"none\">b\u00e9n\u00e9ficient de ce dispositif qui peut \u00eatre prolong\u00e9 une ann\u00e9e suppl\u00e9mentaire<\/span><span data-usefontface=\"false\" data-contrast=\"none\">.<\/span><\/p>\n<p>[\/vc_column_text][\/vc_column][\/vc_row]<\/p>\n<\/div>","protected":false},"excerpt":{"rendered":"<p>[vc_row][vc_column][vc_single_image image=\u00a0\u00bb19340&Prime; img_size=\u00a0\u00bb300&#215;200&Prime; alignment=\u00a0\u00bbcenter\u00a0\u00bb][vc_column_text] L\u2019universit\u00e9 Paris Dauphine-PSL est engag\u00e9e depuis de nombreuses\u00a0ann\u00e9es dans le programme Egalit\u00e9 des Chances (EDC) qui accompagne\u00a0chaque ann\u00e9e au sein d\u2019\u00e9tablissements de l\u2019enseignement secondaire\u00a0partenaires, la future admission \u00e0 Dauphine d\u2019un certain nombre\u00a0d\u2019\u00e9tudiants.\u200b La Fondation Dauphine partenaire de ce programme finance une\u00a0partie des frais de logement de ces \u00e9tudiants en fonction d\u2019un [&hellip;]<\/p>\n","protected":false},"author":3,"featured_media":0,"parent":0,"menu_order":0,"comment_status":"closed","ping_status":"closed","template":"","meta":{"_acf_changed":false,"footnotes":""},"class_list":["post-18889","page","type-page","status-publish","hentry"],"translation":{"provider":"WPGlobus","version":"3.0.0","language":"fr","enabled_languages":["en","fr"],"languages":{"en":{"title":true,"content":true,"excerpt":false},"fr":{"title":true,"content":true,"excerpt":false}}},"acf":[],"_links":{"self":[{"href":"https:\/\/dauphine-housing.com\/fr\/wp-json\/wp\/v2\/pages\/18889","targetHints":{"allow":["GET"]}}],"collection":[{"href":"https:\/\/dauphine-housing.com\/fr\/wp-json\/wp\/v2\/pages"}],"about":[{"href":"https:\/\/dauphine-housing.com\/fr\/wp-json\/wp\/v2\/types\/page"}],"author":[{"embeddable":true,"href":"https:\/\/dauphine-housing.com\/fr\/wp-json\/wp\/v2\/users\/3"}],"replies":[{"embeddable":true,"href":"https:\/\/dauphine-housing.com\/fr\/wp-json\/wp\/v2\/comments?post=18889"}],"version-history":[{"count":8,"href":"https:\/\/dauphine-housing.com\/fr\/wp-json\/wp\/v2\/pages\/18889\/revisions"}],"predecessor-version":[{"id":19346,"href":"https:\/\/dauphine-housing.com\/fr\/wp-json\/wp\/v2\/pages\/18889\/revisions\/19346"}],"wp:attachment":[{"href":"https:\/\/dauphine-housing.com\/fr\/wp-json\/wp\/v2\/media?parent=18889"}],"curies":[{"name":"wp","href":"https:\/\/api.w.org\/{rel}","templated":true}]}}