{"id":18892,"date":"2023-12-19T11:27:47","date_gmt":"2023-12-19T10:27:47","guid":{"rendered":"https:\/\/dauphine-housing.com\/?page_id=18892"},"modified":"2024-01-18T15:30:17","modified_gmt":"2024-01-18T14:30:17","slug":"student-comitment","status":"publish","type":"page","link":"https:\/\/dauphine-housing.com\/fr\/student-comitment\/","title":{"rendered":"Engagement \u00e9tudiant (LT)"},"content":{"rendered":"<div class=\"wpb-content-wrapper\"><p>[vc_row][vc_column][vc_single_image image=\u00a0\u00bb19172&Prime; img_size=\u00a0\u00bb300&#215;200&Prime; alignment=\u00a0\u00bbcenter\u00a0\u00bb][vc_column_text]<\/p>\n<p data-ccp-props=\"{&quot;335551550&quot;:1,&quot;335551620&quot;:1,&quot;335559683&quot;:0,&quot;335559685&quot;:0,&quot;335559731&quot;:0,&quot;335559737&quot;:0,&quot;335562764&quot;:2,&quot;335562765&quot;:1.07,&quot;335562766&quot;:4,&quot;335562767&quot;:10,&quot;335562768&quot;:4,&quot;335562769&quot;:8}\"><span data-usefontface=\"true\" data-contrast=\"none\"><strong>En d\u00e9posant une demande de logement<\/strong> aupr\u00e8s du Service Logement de l\u2019universit\u00e9 Paris Dauphine-PSL, et <\/span><span data-usefontface=\"true\" data-contrast=\"none\">apr\u00e8s avoir accept\u00e9 la proposition de logement qui lui a \u00e9t\u00e9 faite, <strong>l\u2019\u00e9tudiant s\u2019engage<\/strong> :\u00a0<\/span>\u200b<\/p>\n<ul style=\"font-weight: 400;\">\n<li data-charcodes=\"61623\" data-font=\"Symbol,Sans-Serif\" data-buautonum=\"8\" data-margin=\"540\" data-aria-posinset=\"1\" data-aria-level=\"1\">A d\u00e9poser son dossier aupr\u00e8s du gestionnaire dans les 24h accompagn\u00e9 des pi\u00e8ces demand\u00e9es,<\/li>\n<li data-charcodes=\"61623\" data-font=\"Symbol,Sans-Serif\" data-buautonum=\"8\" data-margin=\"540\" data-aria-posinset=\"1\" data-aria-level=\"1\"><span data-usefontface=\"true\" data-contrast=\"none\">A accepter les modalit\u00e9s d\u2019entr\u00e9e du bailleur de la r\u00e9sidence \u00e0 laquelle il\/elle a \u00e9t\u00e9\u00a0<\/span><span data-usefontface=\"true\" data-contrast=\"none\">assign\u00e9.e<\/span><span data-usefontface=\"true\" data-contrast=\"none\">,<\/span>\u200b<\/li>\n<li data-charcodes=\"61623\" data-font=\"Symbol,Sans-Serif\" data-buautonum=\"8\" data-margin=\"540\" data-aria-posinset=\"2\" data-aria-level=\"1\"><span data-usefontface=\"true\" data-contrast=\"none\">A acquitter r\u00e9guli\u00e8rement son loyer,<\/span>\u200b<\/li>\n<li data-charcodes=\"61623\" data-font=\"Symbol,Sans-Serif\" data-buautonum=\"8\" data-margin=\"540\" data-aria-posinset=\"3\" data-aria-level=\"1\"><span data-usefontface=\"true\" data-contrast=\"none\">A respecter le r\u00e8glement int\u00e9rieur de la r\u00e9sidence qu\u2019il\/elle occupe,<\/span>\u200b<\/li>\n<li data-charcodes=\"61623\" data-font=\"Symbol,Sans-Serif\" data-buautonum=\"8\" data-margin=\"540\" data-aria-posinset=\"4\" data-aria-level=\"1\"><span data-usefontface=\"true\" data-contrast=\"none\">A assurer r\u00e9guli\u00e8rement le nettoyage et l\u2019entretien de son logement,<\/span>\u200b<\/li>\n<li data-charcodes=\"61623\" data-font=\"Symbol,Sans-Serif\" data-buautonum=\"8\" data-margin=\"540\" data-aria-posinset=\"5\" data-aria-level=\"1\"><span data-usefontface=\"true\" data-contrast=\"none\">A mettre \u00e0 jour chaque ann\u00e9e \u00e0 la demande du service Logement son dossier via la proc\u00e9dure et les liens envoy\u00e9s<\/span><span data-usefontface=\"true\" data-contrast=\"none\">,<\/span>\u200b\u200b<\/li>\n<li data-charcodes=\"61623\" data-font=\"Symbol,Sans-Serif\" data-buautonum=\"8\" data-margin=\"540\" data-aria-posinset=\"7\" data-aria-level=\"1\"><span data-usefontface=\"true\" data-contrast=\"none\">Pour les M2, \u00e0 quitter son logement <strong>au plus tard le 30 ao\u00fbt par solidarit\u00e9 envers les nouveaux entrants et<\/strong>\u00a0m\u00eame si toujours en stage ou en alternance.<\/span><\/li>\n<\/ul>\n<p>[\/vc_column_text][\/vc_column][\/vc_row]<\/p>\n<\/div>","protected":false},"excerpt":{"rendered":"<p>[vc_row][vc_column][vc_single_image image=\u00a0\u00bb19172&Prime; img_size=\u00a0\u00bb300&#215;200&Prime; alignment=\u00a0\u00bbcenter\u00a0\u00bb][vc_column_text] En d\u00e9posant une demande de logement aupr\u00e8s du Service Logement de l\u2019universit\u00e9 Paris Dauphine-PSL, et apr\u00e8s avoir accept\u00e9 la proposition de logement qui lui a \u00e9t\u00e9 faite, l\u2019\u00e9tudiant s\u2019engage :\u00a0\u200b A d\u00e9poser son dossier aupr\u00e8s du gestionnaire dans les 24h accompagn\u00e9 des pi\u00e8ces demand\u00e9es, A accepter les modalit\u00e9s d\u2019entr\u00e9e du bailleur [&hellip;]<\/p>\n","protected":false},"author":3,"featured_media":0,"parent":0,"menu_order":0,"comment_status":"closed","ping_status":"closed","template":"","meta":{"_acf_changed":false,"footnotes":""},"class_list":["post-18892","page","type-page","status-publish","hentry"],"translation":{"provider":"WPGlobus","version":"3.0.0","language":"fr","enabled_languages":["en","fr"],"languages":{"en":{"title":true,"content":true,"excerpt":false},"fr":{"title":true,"content":true,"excerpt":false}}},"acf":[],"_links":{"self":[{"href":"https:\/\/dauphine-housing.com\/fr\/wp-json\/wp\/v2\/pages\/18892","targetHints":{"allow":["GET"]}}],"collection":[{"href":"https:\/\/dauphine-housing.com\/fr\/wp-json\/wp\/v2\/pages"}],"about":[{"href":"https:\/\/dauphine-housing.com\/fr\/wp-json\/wp\/v2\/types\/page"}],"author":[{"embeddable":true,"href":"https:\/\/dauphine-housing.com\/fr\/wp-json\/wp\/v2\/users\/3"}],"replies":[{"embeddable":true,"href":"https:\/\/dauphine-housing.com\/fr\/wp-json\/wp\/v2\/comments?post=18892"}],"version-history":[{"count":8,"href":"https:\/\/dauphine-housing.com\/fr\/wp-json\/wp\/v2\/pages\/18892\/revisions"}],"predecessor-version":[{"id":19396,"href":"https:\/\/dauphine-housing.com\/fr\/wp-json\/wp\/v2\/pages\/18892\/revisions\/19396"}],"wp:attachment":[{"href":"https:\/\/dauphine-housing.com\/fr\/wp-json\/wp\/v2\/media?parent=18892"}],"curies":[{"name":"wp","href":"https:\/\/api.w.org\/{rel}","templated":true}]}}