{"id":18895,"date":"2023-12-19T11:27:47","date_gmt":"2023-12-19T10:27:47","guid":{"rendered":"https:\/\/dauphine-housing.com\/?page_id=18895"},"modified":"2024-01-22T15:55:51","modified_gmt":"2024-01-22T14:55:51","slug":"submit-an-application-lt","status":"publish","type":"page","link":"https:\/\/dauphine-housing.com\/fr\/submit-an-application-lt\/","title":{"rendered":"D\u00e9poser un dossier (LT)"},"content":{"rendered":"<div class=\"wpb-content-wrapper\"><p>[vc_row][vc_column][vc_single_image image=\u00a0\u00bb19169&Prime; img_size=\u00a0\u00bb300&#215;200&Prime; alignment=\u00a0\u00bbcenter\u00a0\u00bb][vc_column_text]<\/p>\n<h3><span style=\"color: #3366ff;\"><strong>Faire une demande de logement \/ formulaire \u00a0\u00e0 remplir<\/strong><\/span><\/h3>\n<p>Toute demande de logement se fait via un formulaire \u00e0 remplir sur l\u2019application : <strong>https:\/\/dauphine-housing.com\/fr\/long-terme\/\u200b<\/strong><\/p>\n<p>Le d\u00e9p\u00f4t d\u2019un dossier <strong>ne donne pas lieu \u00e0 une proposition de logement automatique et imm\u00e9diate<\/strong>. Les attributions de logement se font principalement sur <strong>crit\u00e8res sociaux et acad\u00e9miques<\/strong> \u00a0et selon les <strong>disponibilit\u00e9s<\/strong> \u00e0 la date de la demande et \u00e0 la date d\u2019entr\u00e9e souhait\u00e9e.\u200b<\/p>\n<h3><span style=\"color: #3366ff;\"><strong>Pi\u00e8ces n\u00e9cessaires pour faire une demande de logement<\/strong><\/span><\/h3>\n<p>Le dossier comprend les documents suivants :<\/p>\n<ul>\n<li>Justificatif d\u2019inscription \u00e0 Dauphine Paris-PSL (ou preuve de validation d\u2019une offre dans un programme Dauphine \u2013 Parcoursup ou MyCandidature),<\/li>\n<li>Carte d\u2019identit\u00e9 ou passeport,<\/li>\n<li>Avis d\u2019imposition de l\u2019ann\u00e9e en cours de l\u2019\u00e9tudiant ou du foyer fiscal auquel il est rattach\u00e9.\u00a0 Si le foyer fiscal est hors Europe, justificatif de revenu financier du foyer,<\/li>\n<li>Notification de bourse Crous le cas \u00e9ch\u00e9ant de l\u2019ann\u00e9e en cours,<\/li>\n<li>Titre de s\u00e9jour en cours de validit\u00e9 pour les \u00e9tudiants hors UE,<\/li>\n<li>Garantie financi\u00e8re Visale (www.visale.fr) pour les \u00e9tudiants rattach\u00e9s \u00e0 un foyer fiscal fran\u00e7ais ; garantie financi\u00e8re Garantme obligatoire (www.garantme.fr) pour les \u00e9tudiants dont le foyer fiscal est hors l\u2019hexagone.<\/li>\n<\/ul>\n<p>[\/vc_column_text][vc_btn title=\u00a0\u00bbD\u00e9poser une demande de logement\u00a0\u00bb style=\u00a0\u00bbcustom\u00a0\u00bb custom_background=\u00a0\u00bb#0058cc\u00a0\u00bb custom_text=\u00a0\u00bb#ffffff\u00a0\u00bb shape=\u00a0\u00bbround\u00a0\u00bb size=\u00a0\u00bblg\u00a0\u00bb align=\u00a0\u00bbcenter\u00a0\u00bb i_icon_fontawesome=\u00a0\u00bbfa fa-arrow-circle-o-right\u00a0\u00bb add_icon=\u00a0\u00bbtrue\u00a0\u00bb link=\u00a0\u00bburl:https%3A%2F%2Fdauphine-housing.com%2Ffr%2Flong-terme%2F|||\u00a0\u00bb][\/vc_column][\/vc_row]<\/p>\n<\/div>","protected":false},"excerpt":{"rendered":"<p>[vc_row][vc_column][vc_single_image image=\u00a0\u00bb19169&Prime; img_size=\u00a0\u00bb300&#215;200&Prime; alignment=\u00a0\u00bbcenter\u00a0\u00bb][vc_column_text] Faire une demande de logement \/ formulaire \u00a0\u00e0 remplir Toute demande de logement se fait via un formulaire \u00e0 remplir sur l\u2019application : https:\/\/dauphine-housing.com\/fr\/long-terme\/\u200b Le d\u00e9p\u00f4t d\u2019un dossier ne donne pas lieu \u00e0 une proposition de logement automatique et imm\u00e9diate. Les attributions de logement se font principalement sur crit\u00e8res sociaux et [&hellip;]<\/p>\n","protected":false},"author":3,"featured_media":0,"parent":0,"menu_order":0,"comment_status":"closed","ping_status":"closed","template":"","meta":{"_acf_changed":false,"footnotes":""},"class_list":["post-18895","page","type-page","status-publish","hentry"],"translation":{"provider":"WPGlobus","version":"3.0.0","language":"fr","enabled_languages":["en","fr"],"languages":{"en":{"title":true,"content":true,"excerpt":false},"fr":{"title":true,"content":true,"excerpt":false}}},"acf":[],"_links":{"self":[{"href":"https:\/\/dauphine-housing.com\/fr\/wp-json\/wp\/v2\/pages\/18895","targetHints":{"allow":["GET"]}}],"collection":[{"href":"https:\/\/dauphine-housing.com\/fr\/wp-json\/wp\/v2\/pages"}],"about":[{"href":"https:\/\/dauphine-housing.com\/fr\/wp-json\/wp\/v2\/types\/page"}],"author":[{"embeddable":true,"href":"https:\/\/dauphine-housing.com\/fr\/wp-json\/wp\/v2\/users\/3"}],"replies":[{"embeddable":true,"href":"https:\/\/dauphine-housing.com\/fr\/wp-json\/wp\/v2\/comments?post=18895"}],"version-history":[{"count":17,"href":"https:\/\/dauphine-housing.com\/fr\/wp-json\/wp\/v2\/pages\/18895\/revisions"}],"predecessor-version":[{"id":19412,"href":"https:\/\/dauphine-housing.com\/fr\/wp-json\/wp\/v2\/pages\/18895\/revisions\/19412"}],"wp:attachment":[{"href":"https:\/\/dauphine-housing.com\/fr\/wp-json\/wp\/v2\/media?parent=18895"}],"curies":[{"name":"wp","href":"https:\/\/api.w.org\/{rel}","templated":true}]}}