{"id":18898,"date":"2023-12-19T11:21:55","date_gmt":"2023-12-19T10:21:55","guid":{"rendered":"https:\/\/dauphine-housing.com\/?page_id=18898"},"modified":"2023-12-19T11:21:55","modified_gmt":"2023-12-19T10:21:55","slug":"logement-etudiants-internationaux-en-echange","status":"publish","type":"page","link":"https:\/\/dauphine-housing.com\/fr\/logement-etudiants-internationaux-en-echange\/","title":{"rendered":"Logement \u00e9tudiants internationaux en \u00e9change"},"content":{"rendered":"<div class=\"wpb-content-wrapper\"><p>[vc_row][vc_column][vc_single_image image=\u00a0\u00bb19178&Prime; img_size=\u00a0\u00bb300 x 200&Prime; alignment=\u00a0\u00bbcenter\u00a0\u00bb][vc_column_text]Une partie des logements g\u00e9r\u00e9s par le service Logement de Dauphine Paris-PSL est <strong>r\u00e9serv\u00e9e aux \u00e9tudiants internationaux faisant partie d&rsquo;un programme d&rsquo;\u00e9change<\/strong> entre Dauphine et une universit\u00e9 partenaire.<\/p>\n<p>Le nombre de places est limit\u00e9 et il est n\u00e9cessaire de faire une demande tr\u00e8s rapidement d\u00e8s l&rsquo;ouverture de la plateforme.<\/p>\n<ul>\n<li><a href=\"https:\/\/dauphine-housing.com\/fr\/?page_id=18906&amp;preview=true\">Notre offre<\/a><\/li>\n<li><a href=\"https:\/\/dauphine-housing.com\/fr\/?page_id=18910&amp;preview=true\">R\u00e9sidences, logements et services<\/a><\/li>\n<li><a href=\"https:\/\/dauphine-housing.com\/fr\/?page_id=18914&amp;preview=true\">Tarifs : Loyers \/ FAL \/ APL<\/a><\/li>\n<li><a href=\"https:\/\/dauphine-housing.com\/fr\/?page_id=18919&amp;preview=true\">Engagement \u00e9tudiant<\/a><\/li>\n<li><a href=\"https:\/\/dauphine-housing.com\/fr\/?page_id=18983&amp;preview=true\">D\u00e9poser un dossier<\/a><\/li>\n<\/ul>\n<p>[\/vc_column_text][\/vc_column][\/vc_row]<\/p>\n<\/div>","protected":false},"excerpt":{"rendered":"<p>[vc_row][vc_column][vc_single_image image=\u00a0\u00bb19178&Prime; img_size=\u00a0\u00bb300 x 200&Prime; alignment=\u00a0\u00bbcenter\u00a0\u00bb][vc_column_text]Une partie des logements g\u00e9r\u00e9s par le service Logement de Dauphine Paris-PSL est r\u00e9serv\u00e9e aux \u00e9tudiants internationaux faisant partie d&rsquo;un programme d&rsquo;\u00e9change entre Dauphine et une universit\u00e9 partenaire. Le nombre de places est limit\u00e9 et il est n\u00e9cessaire de faire une demande tr\u00e8s rapidement d\u00e8s l&rsquo;ouverture de la plateforme. Notre [&hellip;]<\/p>\n","protected":false},"author":3,"featured_media":0,"parent":0,"menu_order":0,"comment_status":"closed","ping_status":"closed","template":"","meta":{"_acf_changed":false,"footnotes":""},"class_list":["post-18898","page","type-page","status-publish","hentry"],"translation":{"provider":"WPGlobus","version":"3.0.0","language":"fr","enabled_languages":["en","fr"],"languages":{"en":{"title":true,"content":true,"excerpt":false},"fr":{"title":true,"content":true,"excerpt":false}}},"acf":[],"_links":{"self":[{"href":"https:\/\/dauphine-housing.com\/fr\/wp-json\/wp\/v2\/pages\/18898","targetHints":{"allow":["GET"]}}],"collection":[{"href":"https:\/\/dauphine-housing.com\/fr\/wp-json\/wp\/v2\/pages"}],"about":[{"href":"https:\/\/dauphine-housing.com\/fr\/wp-json\/wp\/v2\/types\/page"}],"author":[{"embeddable":true,"href":"https:\/\/dauphine-housing.com\/fr\/wp-json\/wp\/v2\/users\/3"}],"replies":[{"embeddable":true,"href":"https:\/\/dauphine-housing.com\/fr\/wp-json\/wp\/v2\/comments?post=18898"}],"version-history":[{"count":16,"href":"https:\/\/dauphine-housing.com\/fr\/wp-json\/wp\/v2\/pages\/18898\/revisions"}],"predecessor-version":[{"id":19258,"href":"https:\/\/dauphine-housing.com\/fr\/wp-json\/wp\/v2\/pages\/18898\/revisions\/19258"}],"wp:attachment":[{"href":"https:\/\/dauphine-housing.com\/fr\/wp-json\/wp\/v2\/media?parent=18898"}],"curies":[{"name":"wp","href":"https:\/\/api.w.org\/{rel}","templated":true}]}}