{"id":18901,"date":"2023-11-27T11:29:55","date_gmt":"2023-11-27T10:29:55","guid":{"rendered":"https:\/\/dauphine-housing.com\/?page_id=18901"},"modified":"2024-01-22T15:39:54","modified_gmt":"2024-01-22T14:39:54","slug":"foire-aux-questions-mob","status":"publish","type":"page","link":"https:\/\/dauphine-housing.com\/fr\/foire-aux-questions-mob\/","title":{"rendered":"Foire aux questions (\u00e9tudiants internationaux en \u00e9change)"},"content":{"rendered":"<div class=\"wpb-content-wrapper\"><p>[vc_row][vc_column][vc_icon icon_fontawesome=\u00a0\u00bbfa fa-question-circle\u00a0\u00bb size=\u00a0\u00bbxl\u00a0\u00bb align=\u00a0\u00bbcenter\u00a0\u00bb][vc_column_text]<\/p>\n<h4><span style=\"color: #3366ff;\"><strong><em>Cette FAQ r\u00e9pond aux questions le plus souvent pos\u00e9es \u00e0 propos du logement des \u00e9tudiants internationaux en \u00e9change.<\/em><\/strong><\/span><\/h4>\n<p>[\/vc_column_text][vc_column_text]<\/p>\n<h4><em>Le service Logement de Dauphine Paris-PSL<\/em><\/h4>\n<p>[\/vc_column_text][vc_toggle title=\u00a0\u00bbQuel service proposez-vous ?\u00a0\u00bb]<em>L&rsquo;\u00e9quipe du Service Logement de Dauphine <strong>accompagne les \u00e9tudiants<\/strong> internationaux en \u00e9change, au semestre ou \u00e0 l&rsquo;ann\u00e9e, <strong>dans leur recherche de logement \u00e0 Paris.<\/strong><\/em><\/p>\n<p><em>En souscrivant au service d&rsquo;aide au logement, notre \u00e9quipe mettra tout en \u0153uvre pour vous proposer un logement en r\u00e9sidence universitaire pendant la dur\u00e9e de votre \u00e9change. Nous nous efforcerons de vous assister avec nos partenaires dans les diff\u00e9rentes d\u00e9marches \u00e0 effectuer lors de votre entr\u00e9e et installation en r\u00e9sidence.<\/em>[\/vc_toggle][vc_toggle title=\u00a0\u00bbEn d\u00e9posant un dossier, suis-je assur\u00e9.e de trouver un logement ?\u00a0\u00bb]<em>En d\u00e9posant votre candidature, nous ne pouvons pas vous garantir une attribution automatique. Nous disposons d&rsquo;un parc de logements r\u00e9serv\u00e9 aux \u00e9tudiants internationaux en \u00e9change, <strong>mais ce parc est limit\u00e9<\/strong>. En r\u00e8gle g\u00e9n\u00e9rale, nous sommes en mesure de satisfaire toutes les demandes que nous recevons.<\/em><\/p>\n<p><em>Sous r\u00e9serve que <strong>votre dossier soit complet dans les d\u00e9lais impartis<\/strong>, notre \u00e9quipe fera son possible pour vous proposer un logement \u00e0 Paris ou proche banlieue (toujours \u00e0 moins de 45 minutes en transports en commun de Dauphine) dans les plus brefs d\u00e9lais. La demande de logement \u00e9tant tr\u00e8s forte, nous vous recommandons vivement de <strong>remplir votre demande de logement tr\u00e8s rapidement.<\/strong> Plus vous serez r\u00e9actif dans la constitution de votre dossier, plus vous aurez de chances d&rsquo;obtenir un logement. Vous pouvez d\u00e8s \u00e0 pr\u00e9sent pr\u00e9parer les documents \u00e0 nous envoyer (voir la section \u00ab\u00a0Comment faire une demande\u00a0\u00bb).<\/em><\/p>\n<p><em>Si nous n&rsquo;avons pas de logement \u00e0 vous proposer au moment o\u00f9 nous recevons votre demande, votre dossier sera mis en attente jusqu&rsquo;\u00e0 ce que notre \u00e9quipe puisse vous faire une proposition.<\/em>[\/vc_toggle][vc_column_text]<\/p>\n<h4><em><strong>Nos logements<\/strong><\/em><\/h4>\n<p>[\/vc_column_text][vc_toggle title=\u00a0\u00bbPuis-je choisir ma r\u00e9sidence ? \u00ab\u00a0]<em>Vous n&rsquo;avez pas la possibilit\u00e9 de choisir votre r\u00e9sidence. Vous serez log\u00e9.e avec d&rsquo;autres \u00e9tudiants internationaux de Dauphine en mobilit\u00e9. <\/em><\/p>\n<p><em>Les deux seules cat\u00e9gories de logement possibles sont : les r\u00e9sidences \u00e9tudiantes dites \u00ab\u00a0sociales\u00a0\u00bb situ\u00e9es principalement dans le centre de Paris ou les r\u00e9sidences standards situ\u00e9es en proche banlieue parisienne. <strong>Toutes les r\u00e9sidences sont situ\u00e9es \u00e0 40 minutes maximum du campus de Dauphine.<\/strong><\/em>[\/vc_toggle][vc_toggle title=\u00a0\u00bbO\u00f9 se situent les logements que vous proposez ?\u00a0\u00bb]<em>La plupart des logements destin\u00e9s aux \u00e9tudiants internationaux en \u00e9change sont des <strong>logements dits \u00ab\u00a0sociaux\u00a0\u00bb,<\/strong> g\u00e9r\u00e9s par le Crous de Paris. Cet organisme public est charg\u00e9 de loger un grand nombre d&rsquo;\u00e9tudiants nationaux, pour la plupart boursiers et aux ressources financi\u00e8res limit\u00e9es. <strong>De standing simple,<\/strong> les r\u00e9sidences du Crous sont toujours situ\u00e9es \u00e0 proximit\u00e9 des transports en commun (m\u00e9tro ou RER) pour un <strong>temps de trajet inf\u00e9rieur \u00e0 45 minutes<\/strong> vers Dauphine. <\/em><\/p>\n<p><em>Nous avons \u00e9galement des<strong> logements plus haut de gamme,<\/strong> principalement \u00e0 Saint-Ouen-sur-Seine, avec des temps de trajet vers l&rsquo;universit\u00e9 tout aussi rapides. Dans ce cas, c&rsquo;est une r\u00e9sidence 100% dauphinoise o\u00f9 vous rencontrerez nos \u00e9tudiants nationaux.<\/em>[\/vc_toggle][vc_toggle title=\u00a0\u00bbQuel type de logement proposez-vous et \u00e0 quel prix ?\u00a0\u00bb]<em>Les logements sont principalement des logements sociaux modestes, dont les prix sont tr\u00e8s comp\u00e9titifs pour un appartement \u00e0 Paris. Le loyer est <strong>d&rsquo;environ 500 \u20ac pour un studio.<\/strong> Il faut \u00e9galement compter un mois de caution (r\u00e9cup\u00e9rable en fin de s\u00e9jour) et le paiement du premier mois de loyer se fait g\u00e9n\u00e9ralement en avance. <\/em><\/p>\n<p><em>La plupart des r\u00e9sidences sont des logements individuels d&rsquo;environ <strong>18 m\u00b2 avec une kitchenette et une salle de bain privative.<\/strong> Les r\u00e9sidences sont \u00e9quip\u00e9es d&rsquo;espaces de convivialit\u00e9 et de plusieurs buanderies.<\/em><\/p>\n<p><em>Ces logements sociaux \u00e0 loyer mod\u00e9r\u00e9 offrent un <strong>niveau de services standard.<\/strong> L&rsquo;accueil n&rsquo;est pas toujours personnalis\u00e9. <\/em><\/p>\n<p><em>Nous proposons aussi<strong> des logements plus confortables et aux services plus \u00e9largis,<\/strong> mais avec des loyers plus \u00e9lev\u00e9s (entre <\/em><em>600 \u20ac et 700 \u20ac). Dans cette cat\u00e9gorie, nous proposons des <strong>logements individuels<\/strong> mais aussi des <strong>appartements partag\u00e9s<\/strong> o\u00f9 chaque locataire dispose d&rsquo;une chambre individuelle avec un salon et une cuisine commune. Les salles de bains peuvent \u00eatre individuelles ou partag\u00e9es avec une autre personne du m\u00eame sexe. <strong>Quelques chambres doubles<\/strong> sont \u00e9galement disponibles (en fonction des disponibilit\u00e9s).<\/em><\/p>\n<p><em>Dans toutes les r\u00e9sidences, <strong>le chauffage, l&rsquo;\u00e9lectricit\u00e9 et le Wi-Fi sont inclus dans le loyer<\/strong>. Il est \u00e0 noter que <strong>l&rsquo;entretien de la chambre doit \u00eatre effectu\u00e9 par le r\u00e9sident.<\/strong> A la fin du s\u00e9jour, le r\u00e9sident doit rendre l&rsquo;appartement en bon \u00e9tat de propret\u00e9. S&rsquo;il ne le fait pas, une partie ou la totalit\u00e9 de sa caution ne lui sera pas rembours\u00e9e, en fonction de l&rsquo;\u00e9tat dans lequel le logement est rendu.<\/em>[\/vc_toggle][vc_toggle title=\u00a0\u00bbComment les logements sont-ils \u00e9quip\u00e9s ?\u00a0\u00bb]<em>Tous les logements sont \u00e9quip\u00e9s d&rsquo;un lit, d&rsquo;un bureau, d&rsquo;une chaise, d&rsquo;une armoire et d&rsquo;une kitchenette comprenant une cuisini\u00e8re et un r\u00e9frig\u00e9rateur. A Saint-Ouen-sur-Seine (rue Dain), de la vaisselle et des micro-ondes sont mis \u00e0 disposition. Les \u00e9tudiants affect\u00e9s au Crous devront s&rsquo;\u00e9quiper eux-m\u00eames.<\/em><\/p>\n<p><em>Les draps, les serviettes de toilette et les draps de lit ne sont pas fournis.<\/em><\/p>\n<p><em>Un kit de literie est disponible \u00e0 la vente (95 \u20ac) pour vous permettre de vous installer rapidement d\u00e8s votre arriv\u00e9e : kit couette\/couette pour un lit de 90 cm de large, kit housse de couette\/toilette\/ drap\/serviette de bain et torchon.<\/em><\/p>\n<p><em>Plus d&rsquo;infos : dauphine-housing.com (rubrique \u00ab\u00a0Services\u00a0\u00bb)<\/em>[\/vc_toggle][vc_toggle title=\u00a0\u00bbComment se d\u00e9roule la vie en r\u00e9sidence ? \u00ab\u00a0]<em>Comme tout lieu public, il existe un r\u00e8glement int\u00e9rieur propre \u00e0 chaque r\u00e9sidence qui doit \u00eatre respect\u00e9, notamment en ce qui concerne les nuisances sonores apr\u00e8s 22 heures, conform\u00e9ment \u00e0 la r\u00e9glementation officielle du gouvernement fran\u00e7ais.<\/em><\/p>\n<p><em>Il est interdit de recevoir des invit\u00e9s ext\u00e9rieurs \u00e0 la r\u00e9sidence (famille, amis&#8230;).<\/em><\/p>\n<p><em>Des espaces communs sont pr\u00e9vus pour permettre aux r\u00e9sidents de se rencontrer. L&rsquo;alcool n&rsquo;est pas autoris\u00e9 dans les parties communes. Il est strictement interdit de poss\u00e9der ou de consommer des drogues.<\/em>[\/vc_toggle][vc_column_text]<\/p>\n<h4><strong><em>Attributions<\/em><\/strong><\/h4>\n<p>[\/vc_column_text][vc_toggle title=\u00a0\u00bbComment est g\u00e9r\u00e9e la liste d&rsquo;attente ?\u00a0\u00bb]<em>Plus vite nous recevrons votre dossier complet, plus vite vous aurez une chance d&rsquo;obtenir un logement.<\/em><\/p>\n<p><em>Nous donnons la priorit\u00e9 \u00e0 la date de r\u00e9ception des dossiers complets pour activer la liste d&rsquo;attente. En fonction des informations que vous nous fournissez, nous pouvons \u00eatre amen\u00e9s \u00e0 \u00e9largir notre recherche et \u00e0 vous envoyer des offres d&rsquo;autres partenaires.<\/em>[\/vc_toggle][vc_toggle title=\u00a0\u00bbPuis-je refuser une offre ou me d\u00e9sister ? \u00ab\u00a0]<em>Si vous refusez l&rsquo;offre que nous vous avons envoy\u00e9e, votre dossier ne sera plus prioritaire. Nous donnerons alors la priorit\u00e9 aux \u00e9tudiants qui n&rsquo;ont pas encore re\u00e7u d&rsquo;offre de logement. Vous pouvez \u00e9galement retirer votre candidature, ce qui entra\u00eenera l&rsquo;archivage d\u00e9finitif de votre dossier.<\/em><\/p>\n<p><strong><em>Les frais d&rsquo;aide \u00e0 la recherche de logement ne sont en aucun cas remboursables.<\/em><\/strong>[\/vc_toggle][vc_toggle title=\u00a0\u00bbEst-il possible de changer de r\u00e9sidence ?\u00a0\u00bb]<em>Comme nous l&rsquo;avons d\u00e9j\u00e0 mentionn\u00e9, il n&rsquo;est pas possible de choisir sa r\u00e9sidence, m\u00eame pour se rapprocher de ses amis. Pendant votre s\u00e9jour, nous aimons l&rsquo;id\u00e9e d&rsquo;\u00e9changes au sein de la communaut\u00e9 internationale des \u00e9tudiants dans les r\u00e9sidences universitaires. Cependant, vous pouvez demander \u00e0 partager une chambre avec un ami. Dans ce cas, vous devrez nous donner son nom, \u00e0 condition bien s\u00fbr qu&rsquo;il ou elle soit \u00e9galement \u00e9tudiant(e) international(e) en \u00e9change \u00e0 Dauphine.<\/em>[\/vc_toggle][vc_column_text]<\/p>\n<h4><strong><em>Comment d\u00e9poser son dossier ?\u00a0<\/em><\/strong><\/h4>\n<p>[\/vc_column_text][vc_toggle title=\u00a0\u00bbFormulaire et documents \u00e0 fournir\u00a0\u00bb]<strong><em>Qui peut faire une demande ?<\/em><\/strong><\/p>\n<p><em>Seuls les \u00e9tudiants internationaux officiellement nomm\u00e9s par Dauphine pour un \u00e9change au semestre ou \u00e0 l&rsquo;ann\u00e9e et \u00e2g\u00e9s de moins de 30 ans peuvent faire une demande de logement. Nous ne proposons pas de logement pour les couples.<\/em><\/p>\n<p><strong><em>Comment puis-je faire une demande de logement ?<\/em><\/strong><\/p>\n<p><em>Les \u00e9tudiants en \u00e9change international doivent utiliser ce lien &#8211; et uniquement ce lien &#8211; pour faire leur demande (disponible en Fr ou en En).<\/em><\/p>\n<p><em>Si vous faites une erreur et utilisez le mauvais formulaire, les frais d&rsquo;aide au logement ne vous seront pas rembours\u00e9s.<\/em><\/p>\n<p><strong><em>Quels documents dois-je fournir lorsque je remplis ma demande ?<\/em><\/strong><\/p>\n<p><em>Pour remplir votre demande de logement, vous aurez besoin d&rsquo;une lettre de nomination officielle de votre universit\u00e9 d&rsquo;origine ou de Dauphine, preuve que vous serez en \u00e9change \u00e0 Dauphine.<\/em><\/p>\n<p><em>Il vous sera \u00e9galement demand\u00e9 un <strong>certificat de garantie financi\u00e8re<\/strong> officiel d\u00e9livr\u00e9 par l&rsquo;un des deux organismes suivants : Visale (gratuit) ou Garantme (payant).<\/em><\/p>\n<p><em>Nous vous recommandons d&rsquo;en faire la demande d\u00e8s maintenant. Ces certificats sont exig\u00e9s par tous les propri\u00e9taires en cas d&rsquo;accident de paiement du loyer.<\/em><\/p>\n<p><em>Vous pouvez \u00e9galement choisir de<strong> payer la totalit\u00e9 du loyer d\u00fb<\/strong> pour la dur\u00e9e de votre s\u00e9jour (4, 6 ou 10 mois). Dans ce cas, vous n&rsquo;aurez pas \u00e0 fournir d&rsquo;attestation de garantie.<\/em><\/p>\n<p><em><strong>Une attestation d&rsquo;assurance habitation<\/strong> en cas de dommages dans votre logement est obligatoire et devra \u00eatre incluse dans les documents \u00e0 fournir lors de l&rsquo;enregistrement. Plus d&rsquo;informations.<\/em>[\/vc_toggle][vc_toggle title=\u00a0\u00bbCo-location et contrat de location \u00ab\u00a0]<strong><em>Puis-je demander \u00e0 \u00eatre log\u00e9 dans un appartement partag\u00e9 ?<\/em><\/strong><\/p>\n<p><em>Le formulaire que vous remplissez lors de votre inscription au Service d&rsquo;aide au logement vous permet de formuler certaines demandes : logement individuel, colocation&#8230; Notre \u00e9quipe fera de son mieux pour satisfaire vos demandes.<\/em><\/p>\n<p><strong><em>Quelle est la dur\u00e9e de mon contrat de location ?<\/em><\/strong><\/p>\n<p><em>Dans le cas d&rsquo;un \u00e9change international, la p\u00e9riode de location <strong>pour le premier semestre doit s&rsquo;\u00e9tendre du 1er septembre au 31 d\u00e9cembre ou du 1er septembre au 30 juin ; pour le second semestre, elle doit commencer le premier jour ouvrable de l&rsquo;ann\u00e9e et se terminer le 30 juin. En cas de d\u00e9part anticip\u00e9 du r\u00e9sident, l&rsquo;\u00e9tudiant est tenu de payer le loyer jusqu&rsquo;\u00e0 la fin du bail, quel que soit le motif du d\u00e9part anticip\u00e9.<\/strong><\/em><\/p>\n<p><em>L&rsquo;engagement porte sur toute la dur\u00e9e de l&rsquo;une de ces trois p\u00e9riodes avec paiement du loyer pour toute la dur\u00e9e du bail.<\/em>[\/vc_toggle][vc_column_text]<\/p>\n<h4><em><strong>Proc\u00e9dure d&rsquo;entr\u00e9e et calendrier<\/strong><\/em><\/h4>\n<p>[\/vc_column_text][vc_toggle title=\u00a0\u00bbComment r\u00e9cup\u00e9rer mes cl\u00e9s ?\u00a0\u00bb]<em>Une fois que vous avez accept\u00e9 votre attribution, vos coordonn\u00e9es seront transf\u00e9r\u00e9es aux gestionnaires de la r\u00e9sidence o\u00f9 vous avez \u00e9t\u00e9 d\u00e9sign\u00e9. Ils prendront le relais du service d&rsquo;aide au logement pour vous informer de la proc\u00e9dure d&rsquo;entr\u00e9e de votre logement. <strong>Ils vous fixeront un rendez-vous pour finaliser votre dossier et vous remettre les cl\u00e9s.<\/strong> <strong>Aucune entr\u00e9e n&rsquo;est possible sans rendez-vous.<\/strong> Le rendez-vous peut avoir lieu \u00e0 une adresse diff\u00e9rente de celle de la r\u00e9sidence \u00e0 laquelle vous avez \u00e9t\u00e9 affect\u00e9.e mais proche de votre futur logement.<\/em><\/p>\n<p><em><strong>ATTENTION :<\/strong> veuillez noter que vous pouvez \u00eatre inform\u00e9(e) \u00e0 votre arriv\u00e9e \u00e0 Paris que vous serez affect\u00e9(e) \u00e0 une r\u00e9sidence diff\u00e9rente de celle \u00e0 laquelle vous avez \u00e9t\u00e9 initialement assign\u00e9(e).<\/em>[\/vc_toggle][vc_toggle title=\u00a0\u00bbA quelle date puis-je rentrer dans mon logement ?\u00a0\u00bb]<em>Avant de prendre votre billet d&rsquo;avion ou de train, veuillez noter qu&rsquo;<strong>aucune entr\u00e9e ne sera possible le week-end, ni apr\u00e8s les heures de bureau (la derni\u00e8re arriv\u00e9e possible au Crous est \u00e0 16h).<\/strong><\/em><\/p>\n<p><em>Pour les \u00e9tudiants affect\u00e9s au Crous, aucune entr\u00e9e n&rsquo;est possible avant la rentr\u00e9e officielle (2 janvier 2024). Si vous souhaitez arriver quelques jours avant, il est n\u00e9cessaire de pr\u00e9voir un logement temporaire. Les r\u00e9sidences doivent pouvoir disposer d&rsquo;un d\u00e9lai pour remettre en ordre le logement apr\u00e8s le d\u00e9part des locataires pr\u00e9c\u00e9dents.<\/em><\/p>\n<p><strong><em>A Saint-Ouen-sur-Seine, l&rsquo;entr\u00e9e anticip\u00e9e dans le logement est possible si vous avez pris rendez-vous avec le gestionnaire de la r\u00e9sidence \u00e0 l&rsquo;avance.<\/em><\/strong>[\/vc_toggle][vc_toggle title=\u00a0\u00bbQuand et comment devrai-je m&rsquo;acquitter de mon loyer ?\u00a0\u00bb]<em>Avant votre arriv\u00e9e, vous devrez verser une caution\/d\u00e9p\u00f4t de garantie (= 1 ou 2 mois de loyer) et le premier mois de loyer. Si vous pouvez produire un certificat Visale ou Garantme, vous paierez votre loyer tous les mois. Si vous ne produisez pas l&rsquo;un de ces certificats, vous devrez payer la totalit\u00e9 du loyer d\u00fb pour la p\u00e9riode (septembre\/d\u00e9cembre &#8211; septembre\/juin &#8211; janvier\/juin) m\u00eame si votre d\u00e9part est anticip\u00e9.<\/em>[\/vc_toggle][vc_column_text]<\/p>\n<h4><strong><em>Autres options de logements \/ bon \u00e0 savoir<\/em><\/strong><\/h4>\n<p>[\/vc_column_text][vc_toggle title=\u00a0\u00bbAutres options de logement\u00a0\u00bb]Autres sites de logement sur Paris et sa banlieue.<\/p>\n<ul>\n<li><a href=\"https:\/\/www.pap.fr\/\"><span data-contrast=\"none\">Particuliers \u00e0 Particuliers<\/span>\u00a0<\/a><span data-contrast=\"auto\">(landlords)<\/span><\/li>\n<li><a href=\"https:\/\/www.seloger.com\/\"><span data-contrast=\"none\">Se Loger<\/span>\u00a0<\/a><span data-contrast=\"auto\">(landlords)<\/span><span data-ccp-props=\"{&quot;134245417&quot;:false,&quot;201341983&quot;:0,&quot;335559685&quot;:1132,&quot;335559737&quot;:265,&quot;335559738&quot;:178,&quot;335559740&quot;:309}\">\u00a0<\/span><\/li>\n<li><a href=\"https:\/\/www.nexity-studea.com\/\"><span data-contrast=\"none\">Nexity Stud\u00e9a<\/span>\u00a0<\/a><span data-contrast=\"auto\">(student residences)<\/span><\/li>\n<li><a href=\"https:\/\/www.arpej.fr\/\"><span data-contrast=\"none\">ARPEJ<\/span>\u00a0<\/a><span data-contrast=\"auto\">(student residences)<\/span><span data-ccp-props=\"{&quot;134245417&quot;:false,&quot;201341983&quot;:0,&quot;335559685&quot;:1132,&quot;335559737&quot;:334,&quot;335559740&quot;:309}\">\u00a0<\/span><\/li>\n<li><a href=\"https:\/\/www.sergic-residences.com\/\"><span data-contrast=\"none\">Sergic R\u00e9sidences<\/span>\u00a0<\/a><span data-contrast=\"auto\">(student residences)<\/span><\/li>\n<li><a href=\"http:\/\/www.odalys-campus.com\/\"><span data-contrast=\"none\">Odalys Campus<\/span>\u00a0<\/a><span data-contrast=\"auto\">(student residences)<\/span><\/li>\n<li><a href=\"https:\/\/www.estudines.com\/\"><span data-contrast=\"none\">Les Estudines<\/span>\u00a0<\/a><span data-contrast=\"auto\">(student residences)<\/span><\/li>\n<li><a href=\"https:\/\/www.studelites.com\/fr\/\"><span data-contrast=\"none\">Studelites<\/span>\u00a0<\/a><span data-contrast=\"auto\">(student residences)<\/span><span data-ccp-props=\"{&quot;134245417&quot;:false,&quot;201341983&quot;:0,&quot;335559685&quot;:1132,&quot;335559737&quot;:38,&quot;335559740&quot;:309}\">\u00a0<\/span><\/li>\n<li><a href=\"https:\/\/www.fac-habitat.com\/fr\/\"><span data-contrast=\"none\">Fac Habitat<\/span>\u00a0<\/a><span data-contrast=\"auto\">(student residences)<\/span><\/li>\n<li><a href=\"https:\/\/www.thestudenthotel.com\/paris\/fr\/\"><span data-contrast=\"none\">Student Hotel<\/span>\u00a0<\/a><span data-contrast=\"auto\">(student residences)<\/span><\/li>\n<li><a href=\"https:\/\/www.adele.org\/\"><span data-contrast=\"none\">Adele<\/span>\u00a0<\/a><span data-contrast=\"auto\">(student residences)<\/span><span data-ccp-props=\"{&quot;134245417&quot;:false,&quot;201341983&quot;:0,&quot;335559685&quot;:1132,&quot;335559737&quot;:2824,&quot;335559738&quot;:178,&quot;335559740&quot;:309}\">\u00a0<\/span><\/li>\n<li><a href=\"https:\/\/www.students-francestay.com\/fr\/familles\"><span data-contrast=\"none\">France Stay<\/span><\/a>\u00a0<span data-contrast=\"auto\">(host family)<\/span><span data-ccp-props=\"{&quot;134245417&quot;:false,&quot;201341983&quot;:1,&quot;335559685&quot;:1132,&quot;335559740&quot;:216}\">\u00a0<\/span><\/li>\n<li><a href=\"http:\/\/www.familledaccueilparis.fr\/\"><span data-contrast=\"none\">Famille d\u2019Accueil Paris<\/span>\u00a0<\/a><span data-contrast=\"auto\">(host family)<\/span><\/li>\n<li><a href=\"https:\/\/www.atomeparis.com\/fr\/families\/\"><span data-contrast=\"none\">Atome Paris<\/span>\u00a0<\/a><span data-contrast=\"auto\">(host family)<\/span><span data-ccp-props=\"{&quot;134245417&quot;:false,&quot;201341983&quot;:0,&quot;335559685&quot;:1132,&quot;335559737&quot;:2824,&quot;335559738&quot;:63,&quot;335559740&quot;:307}\">\u00a0<\/span><\/li>\n<li><a href=\"https:\/\/www.toitchezmoi.com\/logement\/search\"><span data-contrast=\"none\">Toit chez mo<\/span><span data-contrast=\"none\">i\u00a0<\/span><\/a><span data-contrast=\"auto\">(accommodation in turn of services)<\/span><span data-ccp-props=\"{&quot;134245417&quot;:false,&quot;335559685&quot;:1132,&quot;335559738&quot;:3}\">\u00a0<\/span><\/li>\n<\/ul>\n<p>[\/vc_toggle][vc_toggle title=\u00a0\u00bbBon \u00e0 savoir\u00a0\u00bb]<em>La plupart des propri\u00e9taires demandent un d\u00e9p\u00f4t de garantie pour couvrir d&rsquo;\u00e9ventuelles d\u00e9gradations du bien lou\u00e9 ou de petites sommes restant dues au propri\u00e9taire. Le d\u00e9p\u00f4t de garantie pour les locations meubl\u00e9es et non meubl\u00e9es est limit\u00e9 par la loi \u00e0 un mois de loyer, hors frais annexes. Si le locataire fournit une avance Locapass, le d\u00e9p\u00f4t de garantie n&rsquo;est pas n\u00e9cessaire.<\/em><\/p>\n<p><em>Les locataires doivent s&rsquo;assurer qu&rsquo;ils comprennent bien quelles charges sont incluses dans le loyer et quelles charges sont \u00e0 leur charge en plus du loyer.<\/em>[\/vc_toggle][\/vc_column][\/vc_row][vc_row][vc_column][\/vc_column][\/vc_row]<\/p>\n<\/div>","protected":false},"excerpt":{"rendered":"<p>[vc_row][vc_column][vc_icon icon_fontawesome=\u00a0\u00bbfa fa-question-circle\u00a0\u00bb size=\u00a0\u00bbxl\u00a0\u00bb align=\u00a0\u00bbcenter\u00a0\u00bb][vc_column_text] Cette FAQ r\u00e9pond aux questions le plus souvent pos\u00e9es \u00e0 propos du logement des \u00e9tudiants internationaux en \u00e9change. [\/vc_column_text][vc_column_text] Le service Logement de Dauphine Paris-PSL [\/vc_column_text][vc_toggle title=\u00a0\u00bbQuel service proposez-vous ?\u00a0\u00bb]L&rsquo;\u00e9quipe du Service Logement de Dauphine accompagne les \u00e9tudiants internationaux en \u00e9change, au semestre ou \u00e0 l&rsquo;ann\u00e9e, dans leur recherche de [&hellip;]<\/p>\n","protected":false},"author":3,"featured_media":0,"parent":0,"menu_order":0,"comment_status":"closed","ping_status":"closed","template":"","meta":{"_acf_changed":false,"footnotes":""},"class_list":["post-18901","page","type-page","status-publish","hentry"],"translation":{"provider":"WPGlobus","version":"3.0.0","language":"fr","enabled_languages":["en","fr"],"languages":{"en":{"title":true,"content":true,"excerpt":false},"fr":{"title":true,"content":true,"excerpt":false}}},"acf":[],"_links":{"self":[{"href":"https:\/\/dauphine-housing.com\/fr\/wp-json\/wp\/v2\/pages\/18901","targetHints":{"allow":["GET"]}}],"collection":[{"href":"https:\/\/dauphine-housing.com\/fr\/wp-json\/wp\/v2\/pages"}],"about":[{"href":"https:\/\/dauphine-housing.com\/fr\/wp-json\/wp\/v2\/types\/page"}],"author":[{"embeddable":true,"href":"https:\/\/dauphine-housing.com\/fr\/wp-json\/wp\/v2\/users\/3"}],"replies":[{"embeddable":true,"href":"https:\/\/dauphine-housing.com\/fr\/wp-json\/wp\/v2\/comments?post=18901"}],"version-history":[{"count":53,"href":"https:\/\/dauphine-housing.com\/fr\/wp-json\/wp\/v2\/pages\/18901\/revisions"}],"predecessor-version":[{"id":19410,"href":"https:\/\/dauphine-housing.com\/fr\/wp-json\/wp\/v2\/pages\/18901\/revisions\/19410"}],"wp:attachment":[{"href":"https:\/\/dauphine-housing.com\/fr\/wp-json\/wp\/v2\/media?parent=18901"}],"curies":[{"name":"wp","href":"https:\/\/api.w.org\/{rel}","templated":true}]}}