{"id":18906,"date":"2023-12-19T11:26:38","date_gmt":"2023-12-19T10:26:38","guid":{"rendered":"https:\/\/dauphine-housing.com\/?page_id=18906"},"modified":"2023-12-19T11:26:38","modified_gmt":"2023-12-19T10:26:38","slug":"our-offer-mob","status":"publish","type":"page","link":"https:\/\/dauphine-housing.com\/fr\/our-offer-mob\/","title":{"rendered":"Notre offre (MOB)"},"content":{"rendered":"<div class=\"wpb-content-wrapper\"><p>[vc_row][vc_column][vc_single_image image=\u00a0\u00bb18933&Prime; img_size=\u00a0\u00bb300&#215;200&Prime; alignment=\u00a0\u00bbcenter\u00a0\u00bb][vc_column_text]<\/p>\n<p data-ccp-props=\"{&quot;335551550&quot;:1,&quot;335551620&quot;:1,&quot;335559683&quot;:0,&quot;335559685&quot;:0,&quot;335559731&quot;:0,&quot;335559737&quot;:0,&quot;335562764&quot;:2,&quot;335562765&quot;:0.9,&quot;335562766&quot;:4,&quot;335562767&quot;:10,&quot;335562768&quot;:4,&quot;335562769&quot;:0}\"><span data-usefontface=\"false\" data-contrast=\"none\">L\u2019accompagnement \u00e0 la recherche d\u2019un logement est ouvert \u00e0 tous les\u00a0<\/span><span data-usefontface=\"false\" data-contrast=\"none\">\u00e9tudiants internationaux en \u00e9change au semestre ou \u00e0 l\u2019ann\u00e9e.<\/span>\u200b<\/p>\n<p data-ccp-props=\"{&quot;335551550&quot;:1,&quot;335551620&quot;:1,&quot;335559683&quot;:0,&quot;335559685&quot;:0,&quot;335559731&quot;:0,&quot;335559737&quot;:0,&quot;335562764&quot;:2,&quot;335562765&quot;:0.9,&quot;335562766&quot;:4,&quot;335562767&quot;:10,&quot;335562768&quot;:4,&quot;335562769&quot;:0}\"><span data-usefontface=\"false\" data-contrast=\"none\">Sous r\u00e9serve de pouvoir pr\u00e9senter un justificatif de nomination officielle\u00a0<\/span><span data-usefontface=\"false\" data-contrast=\"none\">pour la dur\u00e9e choisie, les \u00e9tudiants peuvent \u00eatre accompagn\u00e9s dans leur\u00a0<\/span><span data-usefontface=\"false\" data-contrast=\"none\">recherche de logement\u00a0<\/span><span data-usefontface=\"false\" data-contrast=\"none\">en r\u00e9sidence \u00e9tudiante<\/span><span data-usefontface=\"false\" data-contrast=\"none\">.<\/span>\u200b<\/p>\n<h3 data-ccp-props=\"{&quot;335551550&quot;:1,&quot;335551620&quot;:1,&quot;335559683&quot;:0,&quot;335559685&quot;:0,&quot;335559731&quot;:0,&quot;335559737&quot;:0,&quot;335562764&quot;:2,&quot;335562765&quot;:0.9,&quot;335562766&quot;:4,&quot;335562767&quot;:10,&quot;335562768&quot;:4,&quot;335562769&quot;:0}\"><b><span data-usefontface=\"true\" data-contrast=\"none\"><span style=\"color: #3366ff;\">Crit\u00e8res d\u2019attribution<\/span> <\/span><\/b>\u200b<\/h3>\n<p data-ccp-props=\"{&quot;335551550&quot;:1,&quot;335551620&quot;:1,&quot;335559683&quot;:0,&quot;335559685&quot;:0,&quot;335559731&quot;:0,&quot;335559737&quot;:0,&quot;335562764&quot;:2,&quot;335562765&quot;:0.9,&quot;335562766&quot;:4,&quot;335562767&quot;:10,&quot;335562768&quot;:4,&quot;335562769&quot;:0}\"><span data-scheme-color=\"@000000,,\" data-usefontface=\"true\" data-contrast=\"none\">Par ordre d\u2019arriv\u00e9e des dossiers complets, et sous r\u00e9serve de disponibilit\u00e9,\u00a0<\/span><span data-scheme-color=\"@000000,,\" data-usefontface=\"true\" data-contrast=\"none\">l\u2019\u00e9tudiant recevra une offre r\u00e9pondant dans la mesure du possible aux\u00a0<\/span><span data-scheme-color=\"@000000,,\" data-usefontface=\"true\" data-contrast=\"none\">souhaits exprim\u00e9s dans son dossier : logement social ou de meilleur standing, <\/span><span data-scheme-color=\"@000000,,\" data-usefontface=\"true\" data-contrast=\"none\">colocation&#8230;\u00a0<\/span><span data-scheme-color=\"@000000,,\" data-usefontface=\"true\" data-contrast=\"none\">En <span style=\"color: #3366ff;\"><span style=\"color: #000000;\">revanche, il n\u2019y a<\/span> <strong>aucune\u00a0<\/strong><\/span><\/span><span style=\"color: #3366ff;\"><strong>possibilit\u00e9 de choisir sa r\u00e9sidence<\/strong><strong>.<\/strong>\u00a0\u200b<\/span><\/p>\n<p data-ccp-props=\"{&quot;335551550&quot;:1,&quot;335551620&quot;:1,&quot;335559683&quot;:0,&quot;335559685&quot;:0,&quot;335559731&quot;:0,&quot;335559737&quot;:0,&quot;335562764&quot;:2,&quot;335562765&quot;:0.9,&quot;335562766&quot;:4,&quot;335562767&quot;:10,&quot;335562768&quot;:4,&quot;335562769&quot;:0}\"><span style=\"color: #3366ff;\"><b>Les frais d\u2019aide au\u00a0 logement ne sont pas remboursables quelle qu\u2019en soit <\/b><b>la raison.<\/b><\/span><\/p>\n<p>[\/vc_column_text][\/vc_column][\/vc_row]<\/p>\n<\/div>","protected":false},"excerpt":{"rendered":"<p>[vc_row][vc_column][vc_single_image image=\u00a0\u00bb18933&Prime; img_size=\u00a0\u00bb300&#215;200&Prime; alignment=\u00a0\u00bbcenter\u00a0\u00bb][vc_column_text] L\u2019accompagnement \u00e0 la recherche d\u2019un logement est ouvert \u00e0 tous les\u00a0\u00e9tudiants internationaux en \u00e9change au semestre ou \u00e0 l\u2019ann\u00e9e.\u200b Sous r\u00e9serve de pouvoir pr\u00e9senter un justificatif de nomination officielle\u00a0pour la dur\u00e9e choisie, les \u00e9tudiants peuvent \u00eatre accompagn\u00e9s dans leur\u00a0recherche de logement\u00a0en r\u00e9sidence \u00e9tudiante.\u200b Crit\u00e8res d\u2019attribution \u200b Par ordre d\u2019arriv\u00e9e des dossiers [&hellip;]<\/p>\n","protected":false},"author":3,"featured_media":0,"parent":0,"menu_order":0,"comment_status":"closed","ping_status":"closed","template":"","meta":{"_acf_changed":false,"footnotes":""},"class_list":["post-18906","page","type-page","status-publish","hentry"],"translation":{"provider":"WPGlobus","version":"3.0.0","language":"fr","enabled_languages":["en","fr"],"languages":{"en":{"title":true,"content":true,"excerpt":false},"fr":{"title":true,"content":true,"excerpt":false}}},"acf":[],"_links":{"self":[{"href":"https:\/\/dauphine-housing.com\/fr\/wp-json\/wp\/v2\/pages\/18906","targetHints":{"allow":["GET"]}}],"collection":[{"href":"https:\/\/dauphine-housing.com\/fr\/wp-json\/wp\/v2\/pages"}],"about":[{"href":"https:\/\/dauphine-housing.com\/fr\/wp-json\/wp\/v2\/types\/page"}],"author":[{"embeddable":true,"href":"https:\/\/dauphine-housing.com\/fr\/wp-json\/wp\/v2\/users\/3"}],"replies":[{"embeddable":true,"href":"https:\/\/dauphine-housing.com\/fr\/wp-json\/wp\/v2\/comments?post=18906"}],"version-history":[{"count":7,"href":"https:\/\/dauphine-housing.com\/fr\/wp-json\/wp\/v2\/pages\/18906\/revisions"}],"predecessor-version":[{"id":19194,"href":"https:\/\/dauphine-housing.com\/fr\/wp-json\/wp\/v2\/pages\/18906\/revisions\/19194"}],"wp:attachment":[{"href":"https:\/\/dauphine-housing.com\/fr\/wp-json\/wp\/v2\/media?parent=18906"}],"curies":[{"name":"wp","href":"https:\/\/api.w.org\/{rel}","templated":true}]}}