{"id":18910,"date":"2023-12-19T11:26:38","date_gmt":"2023-12-19T10:26:38","guid":{"rendered":"https:\/\/dauphine-housing.com\/?page_id=18910"},"modified":"2024-01-23T14:27:09","modified_gmt":"2024-01-23T13:27:09","slug":"residences-et-logements-mob","status":"publish","type":"page","link":"https:\/\/dauphine-housing.com\/fr\/residences-et-logements-mob\/","title":{"rendered":"R\u00e9sidences et logements (MOB)"},"content":{"rendered":"<div class=\"wpb-content-wrapper\"><p>[vc_row][vc_column][vc_gallery type=\u00a0\u00bbimage_grid\u00a0\u00bb images=\u00a0\u00bb19199,19196,19197,18230&Prime; img_size=\u00a0\u00bb300&#215;200&Prime;][vc_column_text]<\/p>\n<p data-ccp-props=\"{&quot;335551550&quot;:1,&quot;335551620&quot;:1,&quot;335559683&quot;:0,&quot;335559685&quot;:0,&quot;335559731&quot;:0,&quot;335559737&quot;:0,&quot;335562764&quot;:2,&quot;335562765&quot;:0.9,&quot;335562766&quot;:4,&quot;335562767&quot;:10,&quot;335562768&quot;:4,&quot;335562769&quot;:0}\"><span data-usefontface=\"false\" data-contrast=\"none\">Deux types de logements sont propos\u00e9s aux \u00e9tudiants en \u00e9change : <\/span>\u200b<\/p>\n<h3 data-ccp-props=\"{&quot;335551550&quot;:1,&quot;335551620&quot;:1,&quot;335559683&quot;:0,&quot;335559685&quot;:0,&quot;335559731&quot;:0,&quot;335559737&quot;:0,&quot;335562764&quot;:2,&quot;335562765&quot;:0.9,&quot;335562766&quot;:4,&quot;335562767&quot;:10,&quot;335562768&quot;:4,&quot;335562769&quot;:0}\"><b><span data-usefontface=\"false\" data-contrast=\"none\"><span style=\"color: #3366ff;\">Logement \u00e9tudiant confort +<\/span> <\/span><\/b><span data-usefontface=\"false\" data-contrast=\"none\">\u00a0<\/span><\/h3>\n<p data-ccp-props=\"{&quot;335551550&quot;:1,&quot;335551620&quot;:1,&quot;335559683&quot;:0,&quot;335559685&quot;:0,&quot;335559731&quot;:0,&quot;335559737&quot;:0,&quot;335562764&quot;:2,&quot;335562765&quot;:0.9,&quot;335562766&quot;:4,&quot;335562767&quot;:10,&quot;335562768&quot;:4,&quot;335562769&quot;:0}\">Prestations accueil et services \u00e9largis.<\/p>\n<p data-ccp-props=\"{&quot;335551550&quot;:1,&quot;335551620&quot;:1,&quot;335559683&quot;:0,&quot;335559685&quot;:0,&quot;335559731&quot;:0,&quot;335559737&quot;:0,&quot;335562764&quot;:2,&quot;335562765&quot;:0.9,&quot;335562766&quot;:4,&quot;335562767&quot;:10,&quot;335562768&quot;:4,&quot;335562769&quot;:0}\"><span data-usefontface=\"false\" data-contrast=\"none\">Exemples de r\u00e9sidences :<\/span>\u200b<\/p>\n<ul style=\"font-weight: 400;\">\n<li data-aria-posinset=\"6\" data-aria-level=\"1\"><span data-usefontface=\"false\" data-contrast=\"none\">R\u00e9sidence Saint Ouen 1<\/span>\u200b<\/li>\n<li data-aria-posinset=\"7\" data-aria-level=\"1\"><span data-usefontface=\"false\" data-contrast=\"none\">R\u00e9sidence Saint Ouen Libert\u00e9<\/span>\u200b<\/li>\n<\/ul>\n<p data-ccp-props=\"{&quot;335551550&quot;:1,&quot;335551620&quot;:1,&quot;335559683&quot;:0,&quot;335559685&quot;:0,&quot;335559731&quot;:0,&quot;335559737&quot;:0,&quot;335562764&quot;:2,&quot;335562765&quot;:0.9,&quot;335562766&quot;:4,&quot;335562767&quot;:10,&quot;335562768&quot;:4,&quot;335562769&quot;:0}\"><span data-usefontface=\"false\" data-contrast=\"none\">Il s\u2019agit principalement de studios ind\u00e9pendants d\u2019une surface moyenne de 18\/20m2 avec salle de bain priv\u00e9e, coin nuit (lit 90cm) et bureau, kitchenette. L\u2019\u00e9quipement du <\/span><span data-usefontface=\"false\" data-contrast=\"none\">logement comprend, lit, rangements, bureau et chaise, frigo, et plaques chauffantes. Le linge de lit n&rsquo;est pas fourni.<\/span><span data-usefontface=\"false\" data-contrast=\"none\"> Le nettoyage du logement n\u2019est pas assur\u00e9. Il est \u00e0 la charge de l\u2019\u00e9tudiant qui devra le remettre propre et non d\u00e9t\u00e9rior\u00e9 sous peine de ne pas r\u00e9cup\u00e9rer sa caution.<\/span>\u200b\u200b<\/p>\n<p data-ccp-props=\"{&quot;335551550&quot;:1,&quot;335551620&quot;:1,&quot;335559683&quot;:0,&quot;335559685&quot;:0,&quot;335559731&quot;:0,&quot;335559737&quot;:0,&quot;335562764&quot;:2,&quot;335562765&quot;:0.9,&quot;335562766&quot;:4,&quot;335562767&quot;:10,&quot;335562768&quot;:4,&quot;335562769&quot;:0}\"><span data-usefontface=\"false\" data-contrast=\"none\"><span style=\"color: #3366ff;\"><strong>L<\/strong><\/span><strong style=\"color: #3366ff;\">a r\u00e9sidence St Ouen rue Dain propose un petit d\u00e9jeuner compris dans le loyer. Le passage r\u00e9gulier d&rsquo;un service m\u00e9nage est possible moyennant suppl\u00e9ment.<\/strong>\u00a0<\/span><\/p>\n<p>[\/vc_column_text][vc_row_inner][vc_column_inner width=\u00a0\u00bb1\/4&Prime;][\/vc_column_inner][vc_column_inner width=\u00a0\u00bb1\/4&Prime;][\/vc_column_inner][\/vc_row_inner][vc_column_text]<\/p>\n<h3 data-ccp-props=\"{&quot;335551550&quot;:1,&quot;335551620&quot;:1,&quot;335559683&quot;:0,&quot;335559685&quot;:0,&quot;335559731&quot;:0,&quot;335559737&quot;:0,&quot;335562764&quot;:2,&quot;335562765&quot;:0.9,&quot;335562766&quot;:4,&quot;335562767&quot;:10,&quot;335562768&quot;:4,&quot;335562769&quot;:0}\"><span style=\"color: #3366ff;\"><b>Logement social \u00e9tudiant Crous\u00a0<\/b><\/span><\/h3>\n<p data-ccp-props=\"{&quot;335551550&quot;:1,&quot;335551620&quot;:1,&quot;335559683&quot;:0,&quot;335559685&quot;:0,&quot;335559731&quot;:0,&quot;335559737&quot;:0,&quot;335562764&quot;:2,&quot;335562765&quot;:0.9,&quot;335562766&quot;:4,&quot;335562767&quot;:10,&quot;335562768&quot;:4,&quot;335562769&quot;:0}\">Prestations accueil et services restreints.\u200b<\/p>\n<p data-ccp-props=\"{&quot;335551550&quot;:1,&quot;335551620&quot;:1,&quot;335559683&quot;:0,&quot;335559685&quot;:0,&quot;335559731&quot;:0,&quot;335559737&quot;:0,&quot;335562764&quot;:2,&quot;335562765&quot;:0.9,&quot;335562766&quot;:4,&quot;335562767&quot;:10,&quot;335562768&quot;:4,&quot;335562769&quot;:0}\"><span data-usefontface=\"false\" data-contrast=\"none\">Exemples de r\u00e9sidences Crous :<\/span>\u200b<\/p>\n<ul style=\"font-weight: 400;\">\n<li data-aria-posinset=\"1\" data-aria-level=\"1\"><span data-usefontface=\"false\" data-contrast=\"none\">R\u00e9sidence Bercy &#8211; Paris 12\u00e8me<\/span>\u200b<\/li>\n<li data-aria-posinset=\"2\" data-aria-level=\"1\"><span data-usefontface=\"false\" data-contrast=\"none\">R\u00e9sidence\u00a0<\/span><span data-usefontface=\"false\" data-contrast=\"none\">Cavallotti &#8211; Paris 18\u00e8me<\/span>\u200b<\/li>\n<li data-aria-posinset=\"3\" data-aria-level=\"1\"><span data-usefontface=\"false\" data-contrast=\"none\">R\u00e9sidence Castagnary &#8211; Paris 14\u00e8me<\/span>\u200b<\/li>\n<li data-aria-posinset=\"4\" data-aria-level=\"1\"><span data-usefontface=\"false\" data-contrast=\"none\">R\u00e9sidence MLK &#8211; Paris 17\u00e8me<\/span>\u200b<\/li>\n<li data-aria-posinset=\"5\" data-aria-level=\"1\"><span data-usefontface=\"false\" data-contrast=\"none\">R\u00e9sidence Parmentier &#8211; Neuilly sur Seine<\/span>\u200b<\/li>\n<\/ul>\n<p data-ccp-props=\"{&quot;335551550&quot;:1,&quot;335551620&quot;:1,&quot;335559683&quot;:0,&quot;335559685&quot;:0,&quot;335559731&quot;:0,&quot;335559737&quot;:0,&quot;335562764&quot;:2,&quot;335562765&quot;:0.9,&quot;335562766&quot;:4,&quot;335562767&quot;:10,&quot;335562768&quot;:4,&quot;335562769&quot;:0}\"><span data-usefontface=\"false\" data-contrast=\"none\">Tous les logements sont situ\u00e9s\u00a0<\/span><span style=\"color: #3366ff;\"><b>\u00e0 moins de 40mn du campus de la Porte Dauphine et du centre de Paris.<\/b><\/span><\/p>\n<p data-ccp-props=\"{&quot;335551550&quot;:1,&quot;335551620&quot;:1,&quot;335559683&quot;:0,&quot;335559685&quot;:0,&quot;335559731&quot;:0,&quot;335559737&quot;:0,&quot;335562764&quot;:2,&quot;335562765&quot;:0.9,&quot;335562766&quot;:4,&quot;335562767&quot;:10,&quot;335562768&quot;:4,&quot;335562769&quot;:0}\"><span data-usefontface=\"false\" data-contrast=\"none\">Possibilit\u00e9 de <strong><span style=\"color: #3366ff;\">commander un kit de lit complet<\/span><\/strong> pour une installation rapide, voir section \u00ab\u00a0Services\u00a0\u00bb.<\/span><\/p>\n<p>[\/vc_column_text][\/vc_column][\/vc_row]<\/p>\n<\/div>","protected":false},"excerpt":{"rendered":"<p>[vc_row][vc_column][vc_gallery type=\u00a0\u00bbimage_grid\u00a0\u00bb images=\u00a0\u00bb19199,19196,19197,18230&Prime; img_size=\u00a0\u00bb300&#215;200&Prime;][vc_column_text] Deux types de logements sont propos\u00e9s aux \u00e9tudiants en \u00e9change : \u200b Logement \u00e9tudiant confort + \u00a0 Prestations accueil et services \u00e9largis. Exemples de r\u00e9sidences :\u200b R\u00e9sidence Saint Ouen 1\u200b R\u00e9sidence Saint Ouen Libert\u00e9\u200b Il s\u2019agit principalement de studios ind\u00e9pendants d\u2019une surface moyenne de 18\/20m2 avec salle de bain priv\u00e9e, coin [&hellip;]<\/p>\n","protected":false},"author":3,"featured_media":0,"parent":0,"menu_order":0,"comment_status":"closed","ping_status":"closed","template":"","meta":{"_acf_changed":false,"footnotes":""},"class_list":["post-18910","page","type-page","status-publish","hentry"],"translation":{"provider":"WPGlobus","version":"3.0.0","language":"fr","enabled_languages":["en","fr"],"languages":{"en":{"title":true,"content":true,"excerpt":false},"fr":{"title":true,"content":true,"excerpt":false}}},"acf":[],"_links":{"self":[{"href":"https:\/\/dauphine-housing.com\/fr\/wp-json\/wp\/v2\/pages\/18910","targetHints":{"allow":["GET"]}}],"collection":[{"href":"https:\/\/dauphine-housing.com\/fr\/wp-json\/wp\/v2\/pages"}],"about":[{"href":"https:\/\/dauphine-housing.com\/fr\/wp-json\/wp\/v2\/types\/page"}],"author":[{"embeddable":true,"href":"https:\/\/dauphine-housing.com\/fr\/wp-json\/wp\/v2\/users\/3"}],"replies":[{"embeddable":true,"href":"https:\/\/dauphine-housing.com\/fr\/wp-json\/wp\/v2\/comments?post=18910"}],"version-history":[{"count":12,"href":"https:\/\/dauphine-housing.com\/fr\/wp-json\/wp\/v2\/pages\/18910\/revisions"}],"predecessor-version":[{"id":19413,"href":"https:\/\/dauphine-housing.com\/fr\/wp-json\/wp\/v2\/pages\/18910\/revisions\/19413"}],"wp:attachment":[{"href":"https:\/\/dauphine-housing.com\/fr\/wp-json\/wp\/v2\/media?parent=18910"}],"curies":[{"name":"wp","href":"https:\/\/api.w.org\/{rel}","templated":true}]}}