{"id":18914,"date":"2023-12-19T11:23:06","date_gmt":"2023-12-19T10:23:06","guid":{"rendered":"https:\/\/dauphine-housing.com\/?page_id=18914"},"modified":"2024-10-03T11:22:39","modified_gmt":"2024-10-03T09:22:39","slug":"prices-rent-apl-housing-research-fee-mob","status":"publish","type":"page","link":"https:\/\/dauphine-housing.com\/fr\/prices-rent-apl-housing-research-fee-mob\/","title":{"rendered":"Tarifs : loyer \/ APL \/ FAL (MOB)"},"content":{"rendered":"<h3 data-ccp-props=\"{&quot;335551550&quot;:1,&quot;335551620&quot;:1,&quot;335559683&quot;:0,&quot;335559685&quot;:0,&quot;335559731&quot;:0,&quot;335559737&quot;:0,&quot;335562764&quot;:2,&quot;335562765&quot;:0.9,&quot;335562766&quot;:4,&quot;335562767&quot;:10,&quot;335562768&quot;:4,&quot;335562769&quot;:0}\"><span style=\"color: #3366ff;\"><b>Loyers\u00a0 <\/b><\/span>\u200b<\/h3>\n<ul style=\"font-weight: 400;\">\n<li data-aria-posinset=\"1\" data-aria-level=\"1\"><span data-usefontface=\"false\" data-contrast=\"none\"><strong>Crous<\/strong> : autour de 500\u20ac par mois charges comprises + caution (1 mois <\/span><span data-usefontface=\"false\" data-contrast=\"none\">\u2013 r\u00e9cup\u00e9rable en fin de contrat) et 1<\/span><span data-usefontface=\"false\" data-contrast=\"none\">er<\/span><span data-usefontface=\"false\" data-contrast=\"none\">\u00a0mois de loyer pay\u00e9 d\u2019avance.\u00a0<\/span>\u200b<\/li>\n<li data-aria-posinset=\"2\" data-aria-level=\"1\"><span data-usefontface=\"false\" data-contrast=\"none\"><strong>R\u00e9sidence Dauphine<\/strong> : autour de 700\u20ac par mois charges comprises + caution (1 \u00e0 2 <\/span><span data-usefontface=\"false\" data-contrast=\"none\">mois \u2013 r\u00e9cup\u00e9rable en fin de contrat) et 1<\/span><span data-usefontface=\"false\" data-contrast=\"none\">er<\/span><span data-usefontface=\"false\" data-contrast=\"none\">\u00a0mois de loyer pay\u00e9 d\u2019avance.\u00a0<\/span><\/li>\n<\/ul>\n<p>Les paiements peuvent s\u2019effectuer en ligne.<\/p>\n<p>Les loyers sont \u00e0 r\u00e9gler tous les mois sous r\u00e9serve d\u2019avoir produit une garantie Garantme. A d\u00e9faut, l\u2019\u00e9tudiant r\u00e9glera \u00e0 son arriv\u00e9e l\u2019ensemble des loyers dus sur la p\u00e9riode r\u00e9serv\u00e9e m\u00eame en cas de d\u00e9part anticip\u00e9.<\/p>\n<h3 data-ccp-props=\"{&quot;335551550&quot;:1,&quot;335551620&quot;:1,&quot;335559683&quot;:0,&quot;335559685&quot;:0,&quot;335559731&quot;:0,&quot;335559737&quot;:0,&quot;335562764&quot;:2,&quot;335562765&quot;:0.9,&quot;335562766&quot;:4,&quot;335562767&quot;:10,&quot;335562768&quot;:4,&quot;335562769&quot;:0}\"><strong><span style=\"color: #3366ff;\">APL\u00a0\u00a0<\/span><\/strong><\/h3>\n<p data-ccp-props=\"{&quot;335551550&quot;:1,&quot;335551620&quot;:1,&quot;335559683&quot;:0,&quot;335559685&quot;:0,&quot;335559731&quot;:0,&quot;335559737&quot;:0,&quot;335562764&quot;:2,&quot;335562765&quot;:0.9,&quot;335562766&quot;:4,&quot;335562767&quot;:10,&quot;335562768&quot;:4,&quot;335562769&quot;:0}\"><span data-usefontface=\"false\" data-contrast=\"none\">Tous les logements sont \u00e9ligibles aux APL.\u00a0<\/span>\u200b<\/p>\n<p data-ccp-props=\"{&quot;335551550&quot;:1,&quot;335551620&quot;:1,&quot;335559683&quot;:0,&quot;335559685&quot;:0,&quot;335559731&quot;:0,&quot;335559737&quot;:0,&quot;335562764&quot;:2,&quot;335562765&quot;:0.9,&quot;335562766&quot;:4,&quot;335562767&quot;:10,&quot;335562768&quot;:4,&quot;335562769&quot;:0}\"><span data-usefontface=\"false\" data-contrast=\"none\">Le montant des APL varie en fonction du profil social de l\u2019\u00e9tudiant. La remise peut\u00a0<\/span><span data-usefontface=\"false\" data-contrast=\"none\">aller jusqu\u2019\u00e0 200\u20ac par mois. Simulation possible sur le site de la CAF. <a href=\"https:\/\/wwwd.caf.fr\/wps\/portal\/caffr\/aidesetdemarches\/mesdemarches\/faireunesimulation\/lelogement#\/preparation\">CLIQUEZ ICI.<\/a><\/span>\u200b<\/p>\n<h3 data-ccp-props=\"{&quot;335551550&quot;:1,&quot;335551620&quot;:1,&quot;335559683&quot;:0,&quot;335559685&quot;:0,&quot;335559731&quot;:0,&quot;335559737&quot;:0,&quot;335562764&quot;:2,&quot;335562765&quot;:0.9,&quot;335562766&quot;:4,&quot;335562767&quot;:10,&quot;335562768&quot;:4,&quot;335562769&quot;:0}\"><strong><span style=\"color: #3366ff;\">Frais\u00a0d\u2019Aide au Logement\u00a0(FAL)\u00a0<\/span><\/strong><\/h3>\n<p data-ccp-props=\"{&quot;335551550&quot;:1,&quot;335551620&quot;:1,&quot;335559683&quot;:0,&quot;335559685&quot;:0,&quot;335559731&quot;:0,&quot;335559737&quot;:0,&quot;335562764&quot;:2,&quot;335562765&quot;:0.9,&quot;335562766&quot;:4,&quot;335562767&quot;:10,&quot;335562768&quot;:4,&quot;335562769&quot;:0}\">L<span data-usefontface=\"false\" data-contrast=\"none\">\u2019acc\u00e8s au service logement est conditionn\u00e9 au\u00a0<\/span><span data-usefontface=\"false\" data-contrast=\"none\">paiement d\u2019un montant de 180\u20ac payable en fin de d\u00e9p\u00f4t de demande.<\/span>\u200b<\/p>\n<p data-ccp-props=\"{&quot;335551550&quot;:1,&quot;335551620&quot;:1,&quot;335559683&quot;:0,&quot;335559685&quot;:0,&quot;335559731&quot;:0,&quot;335559737&quot;:0,&quot;335562764&quot;:2,&quot;335562765&quot;:0.9,&quot;335562766&quot;:4,&quot;335562767&quot;:10,&quot;335562768&quot;:4,&quot;335562769&quot;:0}\"><b><span data-usefontface=\"false\" data-contrast=\"none\">Pas de remboursement possible quelle qu\u2019en soit la raison.<\/span><\/b><\/p>\n","protected":false},"excerpt":{"rendered":"<p>Loyers\u00a0 \u200b Crous : autour de 500\u20ac par mois charges comprises + caution (1 mois \u2013 r\u00e9cup\u00e9rable en fin de contrat) et 1er\u00a0mois de loyer pay\u00e9 d\u2019avance.\u00a0\u200b R\u00e9sidence Dauphine : autour de 700\u20ac par mois charges comprises + caution (1 \u00e0 2 mois \u2013 r\u00e9cup\u00e9rable en fin de contrat) et 1er\u00a0mois de loyer pay\u00e9 d\u2019avance.\u00a0 [&hellip;]<\/p>\n","protected":false},"author":3,"featured_media":0,"parent":0,"menu_order":0,"comment_status":"closed","ping_status":"closed","template":"","meta":{"_acf_changed":false,"footnotes":""},"class_list":["post-18914","page","type-page","status-publish","hentry"],"translation":{"provider":"WPGlobus","version":"3.0.0","language":"fr","enabled_languages":["en","fr"],"languages":{"en":{"title":true,"content":true,"excerpt":false},"fr":{"title":true,"content":true,"excerpt":false}}},"acf":[],"_links":{"self":[{"href":"https:\/\/dauphine-housing.com\/fr\/wp-json\/wp\/v2\/pages\/18914","targetHints":{"allow":["GET"]}}],"collection":[{"href":"https:\/\/dauphine-housing.com\/fr\/wp-json\/wp\/v2\/pages"}],"about":[{"href":"https:\/\/dauphine-housing.com\/fr\/wp-json\/wp\/v2\/types\/page"}],"author":[{"embeddable":true,"href":"https:\/\/dauphine-housing.com\/fr\/wp-json\/wp\/v2\/users\/3"}],"replies":[{"embeddable":true,"href":"https:\/\/dauphine-housing.com\/fr\/wp-json\/wp\/v2\/comments?post=18914"}],"version-history":[{"count":12,"href":"https:\/\/dauphine-housing.com\/fr\/wp-json\/wp\/v2\/pages\/18914\/revisions"}],"predecessor-version":[{"id":19585,"href":"https:\/\/dauphine-housing.com\/fr\/wp-json\/wp\/v2\/pages\/18914\/revisions\/19585"}],"wp:attachment":[{"href":"https:\/\/dauphine-housing.com\/fr\/wp-json\/wp\/v2\/media?parent=18914"}],"curies":[{"name":"wp","href":"https:\/\/api.w.org\/{rel}","templated":true}]}}