{"id":18919,"date":"2023-12-19T11:26:38","date_gmt":"2023-12-19T10:26:38","guid":{"rendered":"https:\/\/dauphine-housing.com\/?page_id=18919"},"modified":"2023-12-19T11:26:38","modified_gmt":"2023-12-19T10:26:38","slug":"student-comitment-mob","status":"publish","type":"page","link":"https:\/\/dauphine-housing.com\/fr\/student-comitment-mob\/","title":{"rendered":"Engagement \u00e9tudiant (MOB)"},"content":{"rendered":"<p data-ccp-props=\"{&quot;335551550&quot;:1,&quot;335551620&quot;:1,&quot;335559683&quot;:0,&quot;335559685&quot;:0,&quot;335559731&quot;:0,&quot;335559737&quot;:0,&quot;335562764&quot;:2,&quot;335562765&quot;:1.07,&quot;335562766&quot;:4,&quot;335562767&quot;:10,&quot;335562768&quot;:4,&quot;335562769&quot;:8}\"><span data-usefontface=\"true\" data-contrast=\"none\">En d\u00e9posant une demande de logement aupr\u00e8s du Service Logement de l\u2019Universit\u00e9 Paris\u00a0<\/span><span data-usefontface=\"true\" data-contrast=\"none\">Dauphine-PSL, et apr\u00e8s en avoir accept\u00e9 la proposition, <strong>l\u2019\u00e9tudiant s\u2019engage :<\/strong>\u00a0<\/span>\u200b<\/p>\n<ul style=\"font-weight: 400;\">\n<li data-charcodes=\"61623\" data-font=\"Symbol,Sans-Serif\" data-buautonum=\"8\" data-margin=\"540\" data-aria-posinset=\"1\" data-aria-level=\"1\"><span data-usefontface=\"true\" data-contrast=\"none\"><strong>A accepter<\/strong> les modalit\u00e9s d\u2019entr\u00e9e du bailleur de la r\u00e9sidence \u00e0 laquelle il\/elle a \u00e9t\u00e9\u00a0<\/span><span data-usefontface=\"true\" data-contrast=\"none\">assign\u00e9.e<\/span><span data-usefontface=\"true\" data-contrast=\"none\">,<\/span>\u200b<\/li>\n<li data-charcodes=\"61623\" data-font=\"Symbol,Sans-Serif\" data-buautonum=\"8\" data-margin=\"540\" data-aria-posinset=\"2\" data-aria-level=\"1\"><span style=\"color: #ff0000;\"><b>A acquitter r\u00e9guli\u00e8rement son loyer pour toute la dur\u00e9e de l\u2019\u00e9change \u2013 dur\u00e9e\u00a0<\/b><b>incompressible, du 1<\/b><b>er<\/b><b>\u00a0septembre au 31 d\u00e9cembre pour le S1, du 2 janvier au 30 juin\u00a0<\/b><b>pour le S2 et du 1<\/b><b>er<\/b><b>\u00a0septembre au 30 juin pour un \u00e9change \u00e0 l\u2019ann\u00e9e, m\u00eame si d\u00e9part\u00a0<\/b><b>anticip\u00e9.<\/b><\/span>\u200b<\/li>\n<li data-charcodes=\"61623\" data-font=\"Symbol,Sans-Serif\" data-buautonum=\"8\" data-margin=\"540\" data-aria-posinset=\"3\" data-aria-level=\"1\"><span data-usefontface=\"true\" data-contrast=\"none\"><strong>A respecter<\/strong> le r\u00e8glement int\u00e9rieur de la r\u00e9sidence qu\u2019il\/elle occupe,<\/span>\u200b<\/li>\n<li data-charcodes=\"61623\" data-font=\"Symbol,Sans-Serif\" data-buautonum=\"8\" data-margin=\"540\" data-aria-posinset=\"4\" data-aria-level=\"1\"><span data-usefontface=\"true\" data-contrast=\"none\"><strong>A assurer r<\/strong>\u00e9guli\u00e8rement le nettoyage et l\u2019entretien de son logement sous peine de ne\u00a0<\/span><span data-usefontface=\"true\" data-contrast=\"none\">pas r\u00e9cup\u00e9rer l\u2019int\u00e9gralit\u00e9 de sa caution lors de son d\u00e9part.<\/span>\u200b<\/li>\n<\/ul>\n","protected":false},"excerpt":{"rendered":"<p>En d\u00e9posant une demande de logement aupr\u00e8s du Service Logement de l\u2019Universit\u00e9 Paris\u00a0Dauphine-PSL, et apr\u00e8s en avoir accept\u00e9 la proposition, l\u2019\u00e9tudiant s\u2019engage :\u00a0\u200b A accepter les modalit\u00e9s d\u2019entr\u00e9e du bailleur de la r\u00e9sidence \u00e0 laquelle il\/elle a \u00e9t\u00e9\u00a0assign\u00e9.e,\u200b A acquitter r\u00e9guli\u00e8rement son loyer pour toute la dur\u00e9e de l\u2019\u00e9change \u2013 dur\u00e9e\u00a0incompressible, du 1er\u00a0septembre au 31 [&hellip;]<\/p>\n","protected":false},"author":3,"featured_media":0,"parent":0,"menu_order":0,"comment_status":"closed","ping_status":"closed","template":"","meta":{"_acf_changed":false,"footnotes":""},"class_list":["post-18919","page","type-page","status-publish","hentry"],"translation":{"provider":"WPGlobus","version":"3.0.0","language":"fr","enabled_languages":["en","fr"],"languages":{"en":{"title":true,"content":true,"excerpt":false},"fr":{"title":true,"content":true,"excerpt":false}}},"acf":[],"_links":{"self":[{"href":"https:\/\/dauphine-housing.com\/fr\/wp-json\/wp\/v2\/pages\/18919","targetHints":{"allow":["GET"]}}],"collection":[{"href":"https:\/\/dauphine-housing.com\/fr\/wp-json\/wp\/v2\/pages"}],"about":[{"href":"https:\/\/dauphine-housing.com\/fr\/wp-json\/wp\/v2\/types\/page"}],"author":[{"embeddable":true,"href":"https:\/\/dauphine-housing.com\/fr\/wp-json\/wp\/v2\/users\/3"}],"replies":[{"embeddable":true,"href":"https:\/\/dauphine-housing.com\/fr\/wp-json\/wp\/v2\/comments?post=18919"}],"version-history":[{"count":4,"href":"https:\/\/dauphine-housing.com\/fr\/wp-json\/wp\/v2\/pages\/18919\/revisions"}],"predecessor-version":[{"id":19209,"href":"https:\/\/dauphine-housing.com\/fr\/wp-json\/wp\/v2\/pages\/18919\/revisions\/19209"}],"wp:attachment":[{"href":"https:\/\/dauphine-housing.com\/fr\/wp-json\/wp\/v2\/media?parent=18919"}],"curies":[{"name":"wp","href":"https:\/\/api.w.org\/{rel}","templated":true}]}}