{"id":18923,"date":"2023-12-19T11:22:23","date_gmt":"2023-12-19T10:22:23","guid":{"rendered":"https:\/\/dauphine-housing.com\/?page_id=18923"},"modified":"2023-12-19T11:22:23","modified_gmt":"2023-12-19T10:22:23","slug":"extra-services-mob","status":"publish","type":"page","link":"https:\/\/dauphine-housing.com\/fr\/extra-services-mob\/","title":{"rendered":"Bedding kit et autres services (MOB)"},"content":{"rendered":"<div class=\"wpb-content-wrapper\"><p>[vc_row][vc_column width=\u00a0\u00bb1\/2&Prime;][vc_column_text]<\/p>\n<h3 data-ccp-props=\"{&quot;335551550&quot;:1,&quot;335551620&quot;:1,&quot;335559683&quot;:0,&quot;335559685&quot;:0,&quot;335559731&quot;:0,&quot;335559737&quot;:0,&quot;335562764&quot;:2,&quot;335562765&quot;:0.9,&quot;335562766&quot;:4,&quot;335562767&quot;:10,&quot;335562768&quot;:4,&quot;335562769&quot;:0}\"><span style=\"color: #3366ff;\"><strong>Kit de lit<\/strong> -(uniquement pour les \u00e9tudiants en \u00e9change)<\/span>\u200b<\/h3>\n<p data-ccp-props=\"{&quot;335551550&quot;:1,&quot;335551620&quot;:1,&quot;335559683&quot;:0,&quot;335559685&quot;:0,&quot;335559731&quot;:0,&quot;335559737&quot;:0,&quot;335562764&quot;:2,&quot;335562765&quot;:0.9,&quot;335562766&quot;:4,&quot;335562767&quot;:10,&quot;335562768&quot;:4,&quot;335562769&quot;:0}\"><span data-usefontface=\"false\" data-contrast=\"none\">Un kit de lit complet est propos\u00e9 \u00e0 la vente et disponible \u00e0 l\u2019arriv\u00e9e. Il\u00a0<\/span><span data-usefontface=\"false\" data-contrast=\"none\">comprend :\u00a0<\/span>\u200b<\/p>\n<ul style=\"font-weight: 400;\">\n<li data-aria-posinset=\"1\" data-aria-level=\"1\"><span data-usefontface=\"false\" data-contrast=\"none\">Couette \u2013lit 90cm X 200cm<\/span>\u200b<\/li>\n<li data-aria-posinset=\"2\" data-aria-level=\"1\"><span data-usefontface=\"false\" data-contrast=\"none\">Oreiller \u2013 60cm X 60cm<\/span>\u200b<\/li>\n<li data-aria-posinset=\"3\" data-aria-level=\"1\"><span data-usefontface=\"false\" data-contrast=\"none\">Housse de couette \/ Taie d\u2019oreiller \/ drap housse pour un lit 90 X 200<\/span>\u200b<\/li>\n<li data-aria-posinset=\"4\" data-aria-level=\"1\"><span data-usefontface=\"false\" data-contrast=\"none\">Drap de bain<\/span>\u200b<\/li>\n<li data-aria-posinset=\"5\" data-aria-level=\"1\"><span data-usefontface=\"false\" data-contrast=\"none\">Torchon<\/span>\u200b<\/li>\n<\/ul>\n<p data-ccp-props=\"{&quot;335551550&quot;:1,&quot;335551620&quot;:1,&quot;335559683&quot;:0,&quot;335559685&quot;:0,&quot;335559731&quot;:0,&quot;335559737&quot;:0,&quot;335562764&quot;:2,&quot;335562765&quot;:0.9,&quot;335562766&quot;:4,&quot;335562767&quot;:10,&quot;335562768&quot;:4,&quot;335562769&quot;:0}\"><span data-usefontface=\"false\" data-contrast=\"none\">Commander :\u00a0<\/span><a href=\"https:\/\/dauphine-housing.com\/\"><span data-usefontface=\"false\" data-contrast=\"none\">https:\/\/dauphine-housing.com\/<\/span><\/a><\/p>\n<h3 data-ccp-props=\"{&quot;335551550&quot;:1,&quot;335551620&quot;:1,&quot;335559683&quot;:0,&quot;335559685&quot;:0,&quot;335559731&quot;:0,&quot;335559737&quot;:0,&quot;335562764&quot;:2,&quot;335562765&quot;:0.9,&quot;335562766&quot;:4,&quot;335562767&quot;:10,&quot;335562768&quot;:4,&quot;335562769&quot;:0}\"><strong><span style=\"color: #3366ff;\">Autres services\u200b<\/span><\/strong><\/h3>\n<p data-ccp-props=\"{&quot;335551550&quot;:1,&quot;335551620&quot;:1,&quot;335559683&quot;:0,&quot;335559685&quot;:0,&quot;335559731&quot;:0,&quot;335559737&quot;:0,&quot;335562764&quot;:2,&quot;335562765&quot;:0.9,&quot;335562766&quot;:4,&quot;335562767&quot;:10,&quot;335562768&quot;:4,&quot;335562769&quot;:0}\"><span data-usefontface=\"false\" data-contrast=\"none\">Un service de petit-d\u00e9jeuner et de m\u00e9nage est propos\u00e9 \u00e0 la r\u00e9sidence Saint Ouen 1 (rue Dain) et compris dans le prix du loyer propos\u00e9.<\/span><\/p>\n<p>[\/vc_column_text][\/vc_column][vc_column width=\u00a0\u00bb1\/2&Prime; el_class=\u00a0\u00bbhome\u00a0\u00bb]<div class=\"woocommerce columns-1 \">\n\n<div class=\"row\">\n\t<div class=\"large-12 columns\">\n\t\t<ul id=\"products-grid\" class=\"products products-grid small-block-grid-2 medium-block-grid-1 large-block-grid-1 xlarge-block-grid-1 xxlarge-block-grid-1 columns-1\">\n\n<li class=\"\noutofstockproduct\n\t\t\t\n\">\n\n\t\n\t\t\n\t\t\n\t\t\n\t\t<div class=\"product_thumbnail_wrapper outofstock\">\n\n\t\t\t<div class=\"product_thumbnail with_second_image\">\n\n\t\t\t\t\t<span class=\"product_thumbnail_background\" style=\"background-image: url(''); background-image:url(https:\/\/dauphine-housing.com\/wp-content\/uploads\/2018\/06\/Fotolia_99325851_Subscription_Monthly_M-300x300.jpg)\"><\/span>\n\n\t\t\t<\/div><!--.product_thumbnail-->\n\n\t\t\t\t\t\t\t            \n\t\t\t\t\t\t\t                    <div class=\"out_of_stock_badge_loop\">Rupture de stock<\/div>\n                            \n\t\t\t\n            \n\t\t<\/div><!--.product_thumbnail_wrapper-->\n\n\t\t<h3 class=\"product-title-link\">FULL Bedding Pack<\/h3>\n\t\t<span class=\"price-product\"><span class=\"woocommerce-Price-amount amount\"><bdi>95<span class=\"woocommerce-Price-currencySymbol\">&euro;<\/span><\/bdi><\/span> <small class=\"woocommerce-price-suffix\">TTC<\/small><\/span>\n\t\t<p><p>In this option, you have all what you need for your bed.\u00a0 It contains 7 articles:<\/p>\n<p>1 Duvet 140 x 200 cm<\/p>\n<p>1 Duvet COVER 140 x 200 cm<\/p>\n<p>1 Pillow 65 x 65 cm<\/p>\n<p>1 Pillow CASE 65 x 65 cm<\/p>\n<p>1 Fitted SHEET 90 x 190 cm<\/p>\n<p>1 Bath towel 70 x 140 cm<\/p>\n<p>1 Kitchen towel<\/p>\n<\/p>\n\n\t<a href=\"https:\/\/dauphine-housing.com\/fr\/product\/basic-welcome-pack\/\" rel=\"nofollow\" data-product_id=\"2263\" data-product_sku=\"\" class=\"button add_to_cart_button product_type_simple\">Lire la suite<\/a>\n<\/li>\n\t\t<\/ul>\n    <\/div><!-- .columns -->\n<\/div><!-- .row --><\/div>[\/vc_column][\/vc_row]<\/p>\n<\/div>","protected":false},"excerpt":{"rendered":"<p>[vc_row][vc_column width=\u00a0\u00bb1\/2&Prime;][vc_column_text] Kit de lit -(uniquement pour les \u00e9tudiants en \u00e9change)\u200b Un kit de lit complet est propos\u00e9 \u00e0 la vente et disponible \u00e0 l\u2019arriv\u00e9e. Il\u00a0comprend :\u00a0\u200b Couette \u2013lit 90cm X 200cm\u200b Oreiller \u2013 60cm X 60cm\u200b Housse de couette \/ Taie d\u2019oreiller \/ drap housse pour un lit 90 X 200\u200b Drap de bain\u200b [&hellip;]<\/p>\n","protected":false},"author":3,"featured_media":0,"parent":0,"menu_order":0,"comment_status":"closed","ping_status":"closed","template":"","meta":{"_acf_changed":false,"footnotes":""},"class_list":["post-18923","page","type-page","status-publish","hentry"],"translation":{"provider":"WPGlobus","version":"3.0.0","language":"fr","enabled_languages":["en","fr"],"languages":{"en":{"title":true,"content":true,"excerpt":false},"fr":{"title":true,"content":true,"excerpt":false}}},"acf":[],"_links":{"self":[{"href":"https:\/\/dauphine-housing.com\/fr\/wp-json\/wp\/v2\/pages\/18923","targetHints":{"allow":["GET"]}}],"collection":[{"href":"https:\/\/dauphine-housing.com\/fr\/wp-json\/wp\/v2\/pages"}],"about":[{"href":"https:\/\/dauphine-housing.com\/fr\/wp-json\/wp\/v2\/types\/page"}],"author":[{"embeddable":true,"href":"https:\/\/dauphine-housing.com\/fr\/wp-json\/wp\/v2\/users\/3"}],"replies":[{"embeddable":true,"href":"https:\/\/dauphine-housing.com\/fr\/wp-json\/wp\/v2\/comments?post=18923"}],"version-history":[{"count":14,"href":"https:\/\/dauphine-housing.com\/fr\/wp-json\/wp\/v2\/pages\/18923\/revisions"}],"predecessor-version":[{"id":19252,"href":"https:\/\/dauphine-housing.com\/fr\/wp-json\/wp\/v2\/pages\/18923\/revisions\/19252"}],"wp:attachment":[{"href":"https:\/\/dauphine-housing.com\/fr\/wp-json\/wp\/v2\/media?parent=18923"}],"curies":[{"name":"wp","href":"https:\/\/api.w.org\/{rel}","templated":true}]}}