{"id":18983,"date":"2023-12-19T11:24:15","date_gmt":"2023-12-19T10:24:15","guid":{"rendered":"https:\/\/dauphine-housing.com\/?page_id=18983"},"modified":"2025-05-02T13:21:46","modified_gmt":"2025-05-02T11:21:46","slug":"submit-an-application-mob","status":"publish","type":"page","link":"https:\/\/dauphine-housing.com\/fr\/submit-an-application-mob\/","title":{"rendered":"D\u00e9poser un dossier (MOB)"},"content":{"rendered":"<div class=\"wpb-content-wrapper\"><p>[vc_row][vc_column][vc_single_image image=\u00a0\u00bb19169&Prime; img_size=\u00a0\u00bb300&#215;200&Prime; alignment=\u00a0\u00bbcenter\u00a0\u00bb][vc_column_text css=\u00a0\u00bb\u00a0\u00bb]<\/p>\n<h3 data-ccp-props=\"{&quot;335551550&quot;:1,&quot;335551620&quot;:1,&quot;335559683&quot;:0,&quot;335559685&quot;:0,&quot;335559731&quot;:0,&quot;335559737&quot;:0,&quot;335562764&quot;:2,&quot;335562765&quot;:0.9,&quot;335562766&quot;:4,&quot;335562767&quot;:10,&quot;335562768&quot;:4,&quot;335562769&quot;:0}\"><span style=\"color: #3366ff;\">Dossier \u00e0 remplir<\/span><\/h3>\n<p data-ccp-props=\"{&quot;335551550&quot;:1,&quot;335551620&quot;:1,&quot;335559683&quot;:0,&quot;335559685&quot;:0,&quot;335559731&quot;:0,&quot;335559737&quot;:0,&quot;335562764&quot;:2,&quot;335562765&quot;:0.9,&quot;335562766&quot;:4,&quot;335562767&quot;:10,&quot;335562768&quot;:4,&quot;335562769&quot;:0}\"><span data-usefontface=\"false\" data-contrast=\"none\"><strong>Toute demande de logement doit faire l&rsquo;objet d&rsquo;un dossier<\/strong> \u00e0 remplir sur\u00a0<\/span><span data-usefontface=\"false\" data-contrast=\"none\">: https:\/\/dauphine-housing.com\/fr\/mobilite\/<\/span>\u200b<\/p>\n<p data-ccp-props=\"{&quot;335551550&quot;:1,&quot;335551620&quot;:1,&quot;335559683&quot;:0,&quot;335559685&quot;:0,&quot;335559731&quot;:0,&quot;335559737&quot;:0,&quot;335562764&quot;:2,&quot;335562765&quot;:0.9,&quot;335562766&quot;:4,&quot;335562767&quot;:10,&quot;335562768&quot;:4,&quot;335562769&quot;:0}\"><span data-usefontface=\"false\" data-contrast=\"none\">Le d\u00e9p\u00f4t d\u2019un dossier <strong>ne donne pas automatiquement lieu \u00e0 une\u00a0<\/strong><\/span><span data-usefontface=\"false\" data-contrast=\"none\"><strong>proposition de logement imm\u00e9diate.<\/strong> <\/span><\/p>\n<p data-ccp-props=\"{&quot;335551550&quot;:1,&quot;335551620&quot;:1,&quot;335559683&quot;:0,&quot;335559685&quot;:0,&quot;335559731&quot;:0,&quot;335559737&quot;:0,&quot;335562764&quot;:2,&quot;335562765&quot;:0.9,&quot;335562766&quot;:4,&quot;335562767&quot;:10,&quot;335562768&quot;:4,&quot;335562769&quot;:0}\"><span data-usefontface=\"false\" data-contrast=\"none\">Les attributions se font en fonction de l&rsquo;arriv\u00e9e des dossiers complets des \u00e9tudiants en \u00e9change. Il est donc <strong>important<\/strong> de faire sa demande <strong>rapidement<\/strong> apr\u00e8s l&rsquo;ouverture de la plateforme. Tous les \u00e9tudiants nomin\u00e9s officiellement re\u00e7oivent au pr\u00e9alable et par mail une information compl\u00e8te sur les possibilit\u00e9s de logements durant le semestre ou l&rsquo;ann\u00e9e d&rsquo;affectation.<\/span>\u200b<\/p>\n<p data-ccp-props=\"{&quot;335551550&quot;:1,&quot;335551620&quot;:1,&quot;335559683&quot;:0,&quot;335559685&quot;:0,&quot;335559731&quot;:0,&quot;335559737&quot;:0,&quot;335562764&quot;:2,&quot;335562765&quot;:0.9,&quot;335562766&quot;:4,&quot;335562767&quot;:10,&quot;335562768&quot;:4,&quot;335562769&quot;:0}\"><span data-usefontface=\"false\" data-contrast=\"none\">Les propositions de logement envoy\u00e9es par le service logement\u00a0<\/span><span data-usefontface=\"false\" data-contrast=\"none\">tiennent compte du profil de l\u2019\u00e9tudiant et des crit\u00e8res souhait\u00e9s \u00e9mis\u00a0<\/span><span data-usefontface=\"false\" data-contrast=\"none\">lors de leur demande.\u00a0<\/span><\/p>\n<h3 data-ccp-props=\"{&quot;335551550&quot;:1,&quot;335551620&quot;:1,&quot;335559683&quot;:0,&quot;335559685&quot;:0,&quot;335559731&quot;:0,&quot;335559737&quot;:0,&quot;335562764&quot;:2,&quot;335562765&quot;:0.9,&quot;335562766&quot;:4,&quot;335562767&quot;:10,&quot;335562768&quot;:4,&quot;335562769&quot;:0}\"><span style=\"color: #3366ff;\">El\u00e9m\u00e9nts du dossier\u00a0<\/span><\/h3>\n<p data-ccp-props=\"{&quot;335551550&quot;:1,&quot;335551620&quot;:1,&quot;335559683&quot;:0,&quot;335559685&quot;:0,&quot;335559731&quot;:0,&quot;335559737&quot;:0,&quot;335562764&quot;:2,&quot;335562765&quot;:0.9,&quot;335562766&quot;:4,&quot;335562767&quot;:10,&quot;335562768&quot;:4,&quot;335562769&quot;:0}\">Le dossier comprend les documents suivants :<\/p>\n<ul>\n<li data-ccp-props=\"{&quot;335551550&quot;:1,&quot;335551620&quot;:1,&quot;335559683&quot;:0,&quot;335559685&quot;:0,&quot;335559731&quot;:0,&quot;335559737&quot;:0,&quot;335562764&quot;:2,&quot;335562765&quot;:0.9,&quot;335562766&quot;:4,&quot;335562767&quot;:10,&quot;335562768&quot;:4,&quot;335562769&quot;:0}\">Justificatif officiel de nomination (mail ou courrier) au semestre ou \u00e0 l&rsquo;ann\u00e9e de Dauphine Paris-PSL ou de l&rsquo;universit\u00e9 d&rsquo;origine, mentionnant le nom de l&rsquo;\u00e9tudiant et la p\u00e9riode d&rsquo;affectation,<\/li>\n<li data-ccp-props=\"{&quot;335551550&quot;:1,&quot;335551620&quot;:1,&quot;335559683&quot;:0,&quot;335559685&quot;:0,&quot;335559731&quot;:0,&quot;335559737&quot;:0,&quot;335562764&quot;:2,&quot;335562765&quot;:0.9,&quot;335562766&quot;:4,&quot;335562767&quot;:10,&quot;335562768&quot;:4,&quot;335562769&quot;:0}\">Carte d&rsquo;identit\u00e9 ou passeport,<\/li>\n<li>Garantie financi\u00e8re Visale (www.visale.fr\/gratuite) pour les \u00e9tudiants rattach\u00e9s \u00e0 un foyer fiscal fran\u00e7ais ; garantie financi\u00e8re <strong>Garantme<\/strong> <strong>obligatoire<\/strong> (www.garantme.fr) pour les \u00e9tudiants <strong>hors foyer fiscal de l&rsquo;hexagone.<\/strong><\/li>\n<\/ul>\n<p>Apr\u00e8s acceptation de l&rsquo;offre<\/p>\n<ul>\n<li data-ccp-props=\"{&quot;335551550&quot;:1,&quot;335551620&quot;:1,&quot;335559683&quot;:0,&quot;335559685&quot;:0,&quot;335559731&quot;:0,&quot;335559737&quot;:0,&quot;335562764&quot;:2,&quot;335562765&quot;:0.9,&quot;335562766&quot;:4,&quot;335562767&quot;:10,&quot;335562768&quot;:4,&quot;335562769&quot;:0}\">Engagement \u00e9tudiant sign\u00e9,<\/li>\n<\/ul>\n<p>[\/vc_column_text][\/vc_column][\/vc_row]<\/p>\n<\/div>","protected":false},"excerpt":{"rendered":"<p>[vc_row][vc_column][vc_single_image image=\u00a0\u00bb19169&Prime; img_size=\u00a0\u00bb300&#215;200&Prime; alignment=\u00a0\u00bbcenter\u00a0\u00bb][vc_column_text css=\u00a0\u00bb\u00a0\u00bb] Dossier \u00e0 remplir Toute demande de logement doit faire l&rsquo;objet d&rsquo;un dossier \u00e0 remplir sur\u00a0: https:\/\/dauphine-housing.com\/fr\/mobilite\/\u200b Le d\u00e9p\u00f4t d\u2019un dossier ne donne pas automatiquement lieu \u00e0 une\u00a0proposition de logement imm\u00e9diate. Les attributions se font en fonction de l&rsquo;arriv\u00e9e des dossiers complets des \u00e9tudiants en \u00e9change. Il est donc important de [&hellip;]<\/p>\n","protected":false},"author":3,"featured_media":0,"parent":0,"menu_order":0,"comment_status":"closed","ping_status":"closed","template":"","meta":{"_acf_changed":false,"footnotes":""},"class_list":["post-18983","page","type-page","status-publish","hentry"],"translation":{"provider":"WPGlobus","version":"3.0.0","language":"fr","enabled_languages":["en","fr"],"languages":{"en":{"title":true,"content":true,"excerpt":false},"fr":{"title":true,"content":true,"excerpt":false}}},"acf":[],"_links":{"self":[{"href":"https:\/\/dauphine-housing.com\/fr\/wp-json\/wp\/v2\/pages\/18983","targetHints":{"allow":["GET"]}}],"collection":[{"href":"https:\/\/dauphine-housing.com\/fr\/wp-json\/wp\/v2\/pages"}],"about":[{"href":"https:\/\/dauphine-housing.com\/fr\/wp-json\/wp\/v2\/types\/page"}],"author":[{"embeddable":true,"href":"https:\/\/dauphine-housing.com\/fr\/wp-json\/wp\/v2\/users\/3"}],"replies":[{"embeddable":true,"href":"https:\/\/dauphine-housing.com\/fr\/wp-json\/wp\/v2\/comments?post=18983"}],"version-history":[{"count":13,"href":"https:\/\/dauphine-housing.com\/fr\/wp-json\/wp\/v2\/pages\/18983\/revisions"}],"predecessor-version":[{"id":19799,"href":"https:\/\/dauphine-housing.com\/fr\/wp-json\/wp\/v2\/pages\/18983\/revisions\/19799"}],"wp:attachment":[{"href":"https:\/\/dauphine-housing.com\/fr\/wp-json\/wp\/v2\/media?parent=18983"}],"curies":[{"name":"wp","href":"https:\/\/api.w.org\/{rel}","templated":true}]}}