{"id":19213,"date":"2023-12-19T11:27:47","date_gmt":"2023-12-19T10:27:47","guid":{"rendered":"https:\/\/dauphine-housing.com\/?page_id=19213"},"modified":"2023-12-19T11:27:47","modified_gmt":"2023-12-19T10:27:47","slug":"faq","status":"publish","type":"page","link":"https:\/\/dauphine-housing.com\/fr\/faq\/","title":{"rendered":"Foire aux questions"},"content":{"rendered":"<div class=\"wpb-content-wrapper\"><p>[vc_row][vc_column][vc_single_image image=\u00a0\u00bb19216&Prime; img_size=\u00a0\u00bb300&#215;200&Prime; alignment=\u00a0\u00bbcenter\u00a0\u00bb][vc_column_text]Que vous soyez \u00e9tudiant en \u00e9change ou \u00e9tudiant inscrit r\u00e9guli\u00e8rement \u00e0 Paris-Dauphine, <span style=\"color: #3366ff;\"><strong>les Foires aux Questions<\/strong> <\/span>r\u00e9pondront \u00e0 la majorit\u00e9 des questions que vous vous posez sur la question du logement.<\/p>\n<ul>\n<li><a href=\"https:\/\/dauphine-housing.com\/fr\/?page_id=19064&amp;preview=true\">Foire aux questions (LT)<\/a><\/li>\n<li><a href=\"https:\/\/dauphine-housing.com\/fr\/?page_id=18901&amp;preview=true\">Foire aux questions (MOB)<\/a><\/li>\n<\/ul>\n<p>[\/vc_column_text][\/vc_column][\/vc_row]<\/p>\n<\/div>","protected":false},"excerpt":{"rendered":"<p>[vc_row][vc_column][vc_single_image image=\u00a0\u00bb19216&Prime; img_size=\u00a0\u00bb300&#215;200&Prime; alignment=\u00a0\u00bbcenter\u00a0\u00bb][vc_column_text]Que vous soyez \u00e9tudiant en \u00e9change ou \u00e9tudiant inscrit r\u00e9guli\u00e8rement \u00e0 Paris-Dauphine, les Foires aux Questions r\u00e9pondront \u00e0 la majorit\u00e9 des questions que vous vous posez sur la question du logement. Foire aux questions (LT) Foire aux questions (MOB) [\/vc_column_text][\/vc_column][\/vc_row]<\/p>\n","protected":false},"author":3,"featured_media":0,"parent":0,"menu_order":0,"comment_status":"closed","ping_status":"closed","template":"","meta":{"_acf_changed":false,"footnotes":""},"class_list":["post-19213","page","type-page","status-publish","hentry"],"translation":{"provider":"WPGlobus","version":"3.0.0","language":"fr","enabled_languages":["en","fr"],"languages":{"en":{"title":true,"content":true,"excerpt":false},"fr":{"title":true,"content":true,"excerpt":false}}},"acf":[],"_links":{"self":[{"href":"https:\/\/dauphine-housing.com\/fr\/wp-json\/wp\/v2\/pages\/19213","targetHints":{"allow":["GET"]}}],"collection":[{"href":"https:\/\/dauphine-housing.com\/fr\/wp-json\/wp\/v2\/pages"}],"about":[{"href":"https:\/\/dauphine-housing.com\/fr\/wp-json\/wp\/v2\/types\/page"}],"author":[{"embeddable":true,"href":"https:\/\/dauphine-housing.com\/fr\/wp-json\/wp\/v2\/users\/3"}],"replies":[{"embeddable":true,"href":"https:\/\/dauphine-housing.com\/fr\/wp-json\/wp\/v2\/comments?post=19213"}],"version-history":[{"count":9,"href":"https:\/\/dauphine-housing.com\/fr\/wp-json\/wp\/v2\/pages\/19213\/revisions"}],"predecessor-version":[{"id":19254,"href":"https:\/\/dauphine-housing.com\/fr\/wp-json\/wp\/v2\/pages\/19213\/revisions\/19254"}],"wp:attachment":[{"href":"https:\/\/dauphine-housing.com\/fr\/wp-json\/wp\/v2\/media?parent=19213"}],"curies":[{"name":"wp","href":"https:\/\/api.w.org\/{rel}","templated":true}]}}