{"id":19353,"date":"2023-12-20T18:05:04","date_gmt":"2023-12-20T17:05:04","guid":{"rendered":"https:\/\/dauphine-housing.com\/?page_id=19353"},"modified":"2023-12-20T18:05:04","modified_gmt":"2023-12-20T17:05:04","slug":"latest-news","status":"publish","type":"page","link":"https:\/\/dauphine-housing.com\/fr\/latest-news\/","title":{"rendered":"Latest News"},"content":{"rendered":"<div class=\"wpb-content-wrapper\"><p>[vc_row][vc_column][vc_icon icon_fontawesome=\u00a0\u00bbfa fa-info-circle\u00a0\u00bb align=\u00a0\u00bbcenter\u00a0\u00bb][vc_column_text]<strong>D\u00e9cembre 2023<\/strong><\/p>\n<p><em>Le service logement <strong>sera ferm\u00e9 du mardi 26 d\u00e9cembre au vendredi 5 janvier<\/strong> inclus. L&rsquo;accueil du public reprendra le lundi 8 janvier au matin.<\/em><\/p>\n<p><em>Bonnes f\u00eates de fin d&rsquo;ann\u00e9e \u00e0 tous !<\/em>[\/vc_column_text][\/vc_column][\/vc_row]<\/p>\n<\/div>","protected":false},"excerpt":{"rendered":"<p>[vc_row][vc_column][vc_icon icon_fontawesome=\u00a0\u00bbfa fa-info-circle\u00a0\u00bb align=\u00a0\u00bbcenter\u00a0\u00bb][vc_column_text]D\u00e9cembre 2023 Le service logement sera ferm\u00e9 du mardi 26 d\u00e9cembre au vendredi 5 janvier inclus. L&rsquo;accueil du public reprendra le lundi 8 janvier au matin. Bonnes f\u00eates de fin d&rsquo;ann\u00e9e \u00e0 tous ![\/vc_column_text][\/vc_column][\/vc_row]<\/p>\n","protected":false},"author":3,"featured_media":0,"parent":0,"menu_order":0,"comment_status":"closed","ping_status":"closed","template":"","meta":{"_acf_changed":false,"footnotes":""},"class_list":["post-19353","page","type-page","status-publish","hentry"],"translation":{"provider":"WPGlobus","version":"3.0.0","language":"fr","enabled_languages":["en","fr"],"languages":{"en":{"title":true,"content":true,"excerpt":false},"fr":{"title":false,"content":true,"excerpt":false}}},"acf":[],"_links":{"self":[{"href":"https:\/\/dauphine-housing.com\/fr\/wp-json\/wp\/v2\/pages\/19353","targetHints":{"allow":["GET"]}}],"collection":[{"href":"https:\/\/dauphine-housing.com\/fr\/wp-json\/wp\/v2\/pages"}],"about":[{"href":"https:\/\/dauphine-housing.com\/fr\/wp-json\/wp\/v2\/types\/page"}],"author":[{"embeddable":true,"href":"https:\/\/dauphine-housing.com\/fr\/wp-json\/wp\/v2\/users\/3"}],"replies":[{"embeddable":true,"href":"https:\/\/dauphine-housing.com\/fr\/wp-json\/wp\/v2\/comments?post=19353"}],"version-history":[{"count":5,"href":"https:\/\/dauphine-housing.com\/fr\/wp-json\/wp\/v2\/pages\/19353\/revisions"}],"predecessor-version":[{"id":19361,"href":"https:\/\/dauphine-housing.com\/fr\/wp-json\/wp\/v2\/pages\/19353\/revisions\/19361"}],"wp:attachment":[{"href":"https:\/\/dauphine-housing.com\/fr\/wp-json\/wp\/v2\/media?parent=19353"}],"curies":[{"name":"wp","href":"https:\/\/api.w.org\/{rel}","templated":true}]}}