{"id":2,"date":"2023-12-19T11:27:47","date_gmt":"2023-12-19T10:27:47","guid":{"rendered":"http:\/\/dauphine-housing.devparteja.net\/?page_id=2"},"modified":"2023-12-19T18:01:34","modified_gmt":"2023-12-19T17:01:34","slug":"who-are-we","status":"publish","type":"page","link":"https:\/\/dauphine-housing.com\/fr\/who-are-we\/","title":{"rendered":"Qui sommes nous ?"},"content":{"rendered":"<div class=\"wpb-content-wrapper\"><p>[vc_row][vc_column][vc_column_text]<\/p>\n<p>[\/vc_column_text][vc_single_image image=\u00a0\u00bb19104&Prime; img_size=\u00a0\u00bb300&#215;200&Prime; alignment=\u00a0\u00bbcenter\u00a0\u00bb][vc_column_text]<\/p>\n<p style=\"padding-left: 40px;\" data-ccp-props=\"{&quot;335551550&quot;:1,&quot;335551620&quot;:1,&quot;335559683&quot;:0,&quot;335559685&quot;:0,&quot;335559731&quot;:0,&quot;335559737&quot;:0,&quot;335562764&quot;:2,&quot;335562765&quot;:0.9,&quot;335562766&quot;:4,&quot;335562767&quot;:10,&quot;335562768&quot;:4,&quot;335562769&quot;:0}\"><span style=\"color: #000000;\"><strong>\u00a0<\/strong><\/span><\/p>\n<p style=\"padding-left: 40px;\" data-ccp-props=\"{&quot;335551550&quot;:1,&quot;335551620&quot;:1,&quot;335559683&quot;:0,&quot;335559685&quot;:0,&quot;335559731&quot;:0,&quot;335559737&quot;:0,&quot;335562764&quot;:2,&quot;335562765&quot;:0.9,&quot;335562766&quot;:4,&quot;335562767&quot;:10,&quot;335562768&quot;:4,&quot;335562769&quot;:0}\"><span style=\"color: #000000;\"><strong>Le service Logement de l\u2019Universit\u00e9 Paris Dauphine-PSL<\/strong> est un service\u00a0enti\u00e8rement d\u00e9di\u00e9 \u00e0 l\u2019<strong>accompagnement des \u00e9tudiants dans leur\u00a0recherche de logement\u00a0en r\u00e9sidence \u00e9tudiante.<\/strong> Peuvent en b\u00e9n\u00e9ficier,\u00a0les \u00e9tudiants r\u00e9guli\u00e8rement inscrits \u00e0 Dauphine \u00e0 l\u2019ann\u00e9e et les\u00a0\u00e9tudiants internationaux en \u00e9change.\u200b<\/span><\/p>\n<p style=\"padding-left: 40px;\" data-ccp-props=\"{&quot;335551550&quot;:1,&quot;335551620&quot;:1,&quot;335559683&quot;:0,&quot;335559685&quot;:0,&quot;335559731&quot;:0,&quot;335559737&quot;:0,&quot;335562764&quot;:2,&quot;335562765&quot;:0.9,&quot;335562766&quot;:4,&quot;335562767&quot;:10,&quot;335562768&quot;:4,&quot;335562769&quot;:0}\"><span style=\"color: #000000;\">Dot\u00e9 d\u2019un parc d\u2019environ <strong>700 lits,<\/strong> dont 400 en gestion propre, l\u2019\u00e9quipe logement travaille avec de nombreux partenaires (ALJT, Arpej, Twenty Campus, Crous de Paris, Crous de Versailles \u2026) pour proposer aux \u00e9tudiants des<strong> solutions de logements correspondants au\u00a0mieux \u00e0 leur profil et aux crit\u00e8res recherch\u00e9s.<\/strong><\/span><\/p>\n<p>[\/vc_column_text][\/vc_column][\/vc_row]<\/p>\n<\/div>","protected":false},"excerpt":{"rendered":"<p>[vc_row][vc_column][vc_column_text] [\/vc_column_text][vc_single_image image=\u00a0\u00bb19104&Prime; img_size=\u00a0\u00bb300&#215;200&Prime; alignment=\u00a0\u00bbcenter\u00a0\u00bb][vc_column_text] \u00a0 Le service Logement de l\u2019Universit\u00e9 Paris Dauphine-PSL est un service\u00a0enti\u00e8rement d\u00e9di\u00e9 \u00e0 l\u2019accompagnement des \u00e9tudiants dans leur\u00a0recherche de logement\u00a0en r\u00e9sidence \u00e9tudiante. Peuvent en b\u00e9n\u00e9ficier,\u00a0les \u00e9tudiants r\u00e9guli\u00e8rement inscrits \u00e0 Dauphine \u00e0 l\u2019ann\u00e9e et les\u00a0\u00e9tudiants internationaux en \u00e9change.\u200b Dot\u00e9 d\u2019un parc d\u2019environ 700 lits, dont 400 en gestion propre, l\u2019\u00e9quipe logement [&hellip;]<\/p>\n","protected":false},"author":1,"featured_media":2369,"parent":0,"menu_order":0,"comment_status":"closed","ping_status":"closed","template":"page-full-width.php","meta":{"_acf_changed":false,"footnotes":""},"class_list":["post-2","page","type-page","status-publish","has-post-thumbnail","hentry"],"translation":{"provider":"WPGlobus","version":"3.0.0","language":"fr","enabled_languages":["en","fr"],"languages":{"en":{"title":true,"content":true,"excerpt":false},"fr":{"title":true,"content":true,"excerpt":false}}},"acf":[],"_links":{"self":[{"href":"https:\/\/dauphine-housing.com\/fr\/wp-json\/wp\/v2\/pages\/2","targetHints":{"allow":["GET"]}}],"collection":[{"href":"https:\/\/dauphine-housing.com\/fr\/wp-json\/wp\/v2\/pages"}],"about":[{"href":"https:\/\/dauphine-housing.com\/fr\/wp-json\/wp\/v2\/types\/page"}],"author":[{"embeddable":true,"href":"https:\/\/dauphine-housing.com\/fr\/wp-json\/wp\/v2\/users\/1"}],"replies":[{"embeddable":true,"href":"https:\/\/dauphine-housing.com\/fr\/wp-json\/wp\/v2\/comments?post=2"}],"version-history":[{"count":30,"href":"https:\/\/dauphine-housing.com\/fr\/wp-json\/wp\/v2\/pages\/2\/revisions"}],"predecessor-version":[{"id":19328,"href":"https:\/\/dauphine-housing.com\/fr\/wp-json\/wp\/v2\/pages\/2\/revisions\/19328"}],"wp:featuredmedia":[{"embeddable":true,"href":"https:\/\/dauphine-housing.com\/fr\/wp-json\/wp\/v2\/media\/2369"}],"wp:attachment":[{"href":"https:\/\/dauphine-housing.com\/fr\/wp-json\/wp\/v2\/media?parent=2"}],"curies":[{"name":"wp","href":"https:\/\/api.w.org\/{rel}","templated":true}]}}