{"id":2401,"date":"2018-11-16T10:06:51","date_gmt":"2018-11-16T09:06:51","guid":{"rendered":"http:\/\/dauphine-housing.devparteja.net\/?page_id=2401"},"modified":"2023-03-15T10:58:26","modified_gmt":"2023-03-15T09:58:26","slug":"mentions-legales","status":"publish","type":"page","link":"https:\/\/dauphine-housing.com\/fr\/mentions-legales\/","title":{"rendered":"Mentions L\u00e9gales"},"content":{"rendered":"<p>Conform\u00e9ment \u00e0 la loi n\u00b02004-575 du 21 juin 2004 pour la confiance dans l&rsquo;\u00e9conomie num\u00e9rique, article 6, III, b, nous vous informons que :<\/p>\n<p>Le site internet dauphine-housing.com est \u00e9dit\u00e9 par la soci\u00e9t\u00e9 DAUPHINE HOUSING, inscrite au Registre du commerce et des soci\u00e9t\u00e9s de PARIS sous le num\u00e9ro 824 170 096 , dont le si\u00e8ge social est situ\u00e9 Place du Mar\u00e9chal de Lattre de Tassigny, PARIS 16e.<\/p>\n<p>La directrice de la publication est Mme Christine Carnevillier.<\/p>\n<p>Le site internet dauphine-housing.com est h\u00e9berg\u00e9 par AMEOS inscrite au Registre du Commerce et des Soci\u00e9t\u00e9 de Strasbourg sou le num\u00e9ro : 449 275 254.<\/p>\n","protected":false},"excerpt":{"rendered":"<p>Conform\u00e9ment \u00e0 la loi n\u00b02004-575 du 21 juin 2004 pour la confiance dans l&rsquo;\u00e9conomie num\u00e9rique, article 6, III, b, nous vous informons que : Le site internet dauphine-housing.com est \u00e9dit\u00e9 par la soci\u00e9t\u00e9 DAUPHINE HOUSING, inscrite au Registre du commerce et des soci\u00e9t\u00e9s de PARIS sous le num\u00e9ro 824 170 096 , dont le si\u00e8ge [&hellip;]<\/p>\n","protected":false},"author":25,"featured_media":2369,"parent":0,"menu_order":0,"comment_status":"closed","ping_status":"closed","template":"page-full-width.php","meta":{"_acf_changed":false,"footnotes":""},"class_list":["post-2401","page","type-page","status-publish","has-post-thumbnail","hentry"],"translation":{"provider":"WPGlobus","version":"3.0.0","language":"fr","enabled_languages":["en","fr"],"languages":{"en":{"title":true,"content":true,"excerpt":false},"fr":{"title":true,"content":true,"excerpt":false}}},"acf":[],"_links":{"self":[{"href":"https:\/\/dauphine-housing.com\/fr\/wp-json\/wp\/v2\/pages\/2401","targetHints":{"allow":["GET"]}}],"collection":[{"href":"https:\/\/dauphine-housing.com\/fr\/wp-json\/wp\/v2\/pages"}],"about":[{"href":"https:\/\/dauphine-housing.com\/fr\/wp-json\/wp\/v2\/types\/page"}],"author":[{"embeddable":true,"href":"https:\/\/dauphine-housing.com\/fr\/wp-json\/wp\/v2\/users\/25"}],"replies":[{"embeddable":true,"href":"https:\/\/dauphine-housing.com\/fr\/wp-json\/wp\/v2\/comments?post=2401"}],"version-history":[{"count":20,"href":"https:\/\/dauphine-housing.com\/fr\/wp-json\/wp\/v2\/pages\/2401\/revisions"}],"predecessor-version":[{"id":18258,"href":"https:\/\/dauphine-housing.com\/fr\/wp-json\/wp\/v2\/pages\/2401\/revisions\/18258"}],"wp:featuredmedia":[{"embeddable":true,"href":"https:\/\/dauphine-housing.com\/fr\/wp-json\/wp\/v2\/media\/2369"}],"wp:attachment":[{"href":"https:\/\/dauphine-housing.com\/fr\/wp-json\/wp\/v2\/media?parent=2401"}],"curies":[{"name":"wp","href":"https:\/\/api.w.org\/{rel}","templated":true}]}}