{"id":2814,"date":"2019-05-16T17:01:09","date_gmt":"2019-05-16T15:01:09","guid":{"rendered":"https:\/\/dauphine-housing.devparteja.net\/?page_id=2814"},"modified":"2023-03-15T10:57:44","modified_gmt":"2023-03-15T09:57:44","slug":"aide-pour-trouver-un-logement","status":"publish","type":"page","link":"https:\/\/dauphine-housing.com\/fr\/aide-pour-trouver-un-logement\/","title":{"rendered":"Aide \u00e0 la recherche d&rsquo;un logement"},"content":{"rendered":"<p><strong><u>Vous souhaitez \u00eatre log\u00e9 dans une r\u00e9sidence \u00e9tudiante par nos <\/u><\/strong><strong><u>soins ?* <\/u><\/strong><\/p>\n<p>Afin de faire une demande de logement dans l\u0092une de nos r\u00e9sidences, <strong>vous devez<\/strong> <strong>imp\u00e9rativement \u00eatre r\u00e9guli\u00e8rement inscrit \u00e0 Paris-Dauphine<\/strong>, ou du moins avoir une candidature <strong>accept\u00e9e \u00e0<\/strong> Paris-<strong>Dauphine<\/strong> si c\u0092est votre premi\u00e8re rentr\u00e9e (un justificatif vous sera demand\u00e9 au cours de la proc\u00e9dure).<\/p>\n<p>Si vous choisissez d\u0092\u00eatre soutenu dans cette recherche, sachez que des Frais d\u0092Accompagnement au Logement d\u0092un montant de 49 euros vous seront demand\u00e9s en cours de proc\u00e9dure. Ces frais, facultatifs, ne concernent que les demandes de logement trait\u00e9es par nos soins.<\/p>\n<p>Dans un souci de transparence envers les \u00e9tudiants, les attributions sont bas\u00e9es, non seulement sur des crit\u00e8res sociaux, mais \u00e9galement sur des crit\u00e8res comme la localisation g\u00e9ographique\u00a0(les \u00e9tudiants les plus \u00e9loign\u00e9s des Campus de la Porte Dauphine et de La D\u00e9fense seront naturellement prioritaires), et le niveau d\u0092\u00e9tude (les \u00e9tudiants les plus jeunes seront \u00e9galement prioritaires).<\/p>\n<ul>\n<li><strong>Vous \u00eates boursier de niveau 5 \u00e0 7<\/strong>\u00a0:<br \/>\nNous vous conseillons de remplir <u>au plus t\u00f4t<\/u> votre Dossier Social Etudiant (DSE) en ligne sur le site du <a href=\"http:\/\/www.crous-paris.fr\/bourses\/demander-une-bourse\/saisir-votre-demande\/\" target=\"_blank\" rel=\"noopener\" data-saferedirecturl=\"https:\/\/www.google.com\/url?q=http:\/\/www.crous-paris.fr\/bourses\/demander-une-bourse\/saisir-votre-demande\/&amp;source=gmail&amp;ust=1558098288105000&amp;usg=AFQjCNHndPQNH_aqZgBaQ-6Sp63357jVlA\">Crous de Paris<\/a>. Les loyers pratiqu\u00e9s par le Crous sont moins \u00e9lev\u00e9s que ceux que nous pouvons vous proposer via nos partenaires.<br \/>\nNotez que nous n\u0092intervenons absolument pas dans les attributions du Crous de Paris.<br \/>\nN\u00e9anmoins, si vous le souhaitez, vous pouvez postuler \u00e0 l\u0092une de nos r\u00e9sidences, sur le site \u00ab\u00a0Dauphine Housing\u00a0\u00bb.<\/li>\n<li><strong>Vous \u00eates boursier de niveau 0 \u00e0 4 <\/strong>:<br \/>\nConstituez votre dossier de demande de logement \u00a0<a href=\"https:\/\/dauphine-housing.com\/fr\/long-terme\/\">via ce lien<\/a><br \/>\nVous pouvez en parall\u00e8le faire une demande au Crous de Paris en constituant votre DSE (Dossier Social Etudiant) sur le site du <a href=\"http:\/\/www.crous-paris.fr\/bourses\/demander-une-bourse\/saisir-votre-demande\/\" target=\"_blank\" rel=\"noopener\" data-saferedirecturl=\"https:\/\/www.google.com\/url?q=http:\/\/www.crous-paris.fr\/bourses\/demander-une-bourse\/saisir-votre-demande\/&amp;source=gmail&amp;ust=1558098288105000&amp;usg=AFQjCNHndPQNH_aqZgBaQ-6Sp63357jVlA\">Crous de Paris<\/a> <strong><u>avant le 31 Mai<\/u><\/strong> de chaque ann\u00e9e.<\/li>\n<li><strong>Vous<\/strong><strong> n\u0092\u00eates pas boursier<\/strong>\u00a0:<br \/>\nVous pouvez \u00e9galement constituer un dossier de demande de logement \u00a0<a href=\"https:\/\/dauphine-housing.com\/fr\/long-terme\/\">via ce lien<\/a>\u00a0\u00a0 au m\u00eame titre que les boursiers. <strong>Notez cependant que <u>votre dossier n\u0092aura pas un caract\u00e8re \u00ab\u00a0prioritaire<\/u>\u00a0\u00bb sur l\u0092attribution de ces logements.<\/strong><\/li>\n<\/ul>\n<p><strong>\u00a0<\/strong><\/p>\n<p><strong>! IMPORTANT<\/strong>\u00a0!<br \/>\n<strong>Toute candidature d\u00e9pos\u00e9e n\u0092entra\u00eene pas une attribution automatique.<\/strong><br \/>\nN\u00e9anmoins, nous ferons notre maximum pour loger chaque \u00e9tudiant qui en fera la demande. Les attributions se font <u>sous r\u00e9serve de disponibilit\u00e9s<\/u>. Une liste d\u0092attente sera mise en place.<br \/>\n<u>Tout dossier incomplet ne sera pas \u00e9tudi\u00e9<\/u>.<\/p>\n<p>&nbsp;<\/p>\n<p><strong>* <\/strong><strong>Cette rubrique ne concerne pas les \u00e9tudiants internationaux en \u00e9change <\/strong><\/p>\n","protected":false},"excerpt":{"rendered":"<p>Vous souhaitez \u00eatre log\u00e9 dans une r\u00e9sidence \u00e9tudiante par nos soins ?* Afin de faire une demande de logement dans l\u0092une de nos r\u00e9sidences, vous devez imp\u00e9rativement \u00eatre r\u00e9guli\u00e8rement inscrit \u00e0 Paris-Dauphine, ou du moins avoir une candidature accept\u00e9e \u00e0 Paris-Dauphine si c\u0092est votre premi\u00e8re rentr\u00e9e (un justificatif vous sera demand\u00e9 au cours de la [&hellip;]<\/p>\n","protected":false},"author":4085,"featured_media":0,"parent":0,"menu_order":0,"comment_status":"closed","ping_status":"closed","template":"","meta":{"_acf_changed":false,"footnotes":""},"class_list":["post-2814","page","type-page","status-publish","hentry"],"translation":{"provider":"WPGlobus","version":"3.0.0","language":"fr","enabled_languages":["en","fr"],"languages":{"en":{"title":true,"content":true,"excerpt":false},"fr":{"title":true,"content":true,"excerpt":false}}},"acf":[],"_links":{"self":[{"href":"https:\/\/dauphine-housing.com\/fr\/wp-json\/wp\/v2\/pages\/2814","targetHints":{"allow":["GET"]}}],"collection":[{"href":"https:\/\/dauphine-housing.com\/fr\/wp-json\/wp\/v2\/pages"}],"about":[{"href":"https:\/\/dauphine-housing.com\/fr\/wp-json\/wp\/v2\/types\/page"}],"author":[{"embeddable":true,"href":"https:\/\/dauphine-housing.com\/fr\/wp-json\/wp\/v2\/users\/4085"}],"replies":[{"embeddable":true,"href":"https:\/\/dauphine-housing.com\/fr\/wp-json\/wp\/v2\/comments?post=2814"}],"version-history":[{"count":7,"href":"https:\/\/dauphine-housing.com\/fr\/wp-json\/wp\/v2\/pages\/2814\/revisions"}],"predecessor-version":[{"id":18257,"href":"https:\/\/dauphine-housing.com\/fr\/wp-json\/wp\/v2\/pages\/2814\/revisions\/18257"}],"wp:attachment":[{"href":"https:\/\/dauphine-housing.com\/fr\/wp-json\/wp\/v2\/media?parent=2814"}],"curies":[{"name":"wp","href":"https:\/\/api.w.org\/{rel}","templated":true}]}}